{"id":20884,"date":"2020-10-05T11:15:38","date_gmt":"2020-10-05T08:15:38","guid":{"rendered":"https:\/\/www.radiomarket.fi\/tuote\/ekua9915-tuntematon-8-track\/"},"modified":"2025-01-06T14:38:57","modified_gmt":"2025-01-06T12:38:57","slug":"ekua9915-tuntematon-8-track","status":"publish","type":"product","link":"https:\/\/www.radiomarket.fi\/en\/kohde\/ekua9915-tuntematon-8-track\/","title":{"rendered":"EKUA9915 8-track (kasiraita), eri sis\u00e4lt\u00f6isi\u00e4 (EKUM)"},"content":{"rendered":"<p>Useita valmistajia. Kasiraita 8-track kasetti cartridge. Tilatessasi kerrothan mink\u00e4\/mitk\u00e4 j\u00e4ljell\u00e4 olevista haluat saada.\u00a0 \u00a0<br \/><br \/><strong>N\u00e4m\u00e4 j\u00e4ljell\u00e4:<\/strong><br \/><br \/>Cool Candys Go&#8217;bitar 2 (anette-cassette AC8 195 STEREO 8)<br \/>San Bernadino<br \/>Islas Canarias y su folklore<br \/>yksi etiketit\u00f6n<br \/><br \/><strong>Seuraavat myyty:<\/strong><br \/><br \/><\/p><p>&#8211; HEIKKI LAURILA (Love story)<br \/>-KOLME VEIJARIA<br \/>-VICTOR KLIMENKO (Stenka rasin)<br \/>-LASSE M\u00c5RTENSON &#8211; NINO VICENTO (Kes\u00e4uni)<br \/>-KATRI HELENA (Kai laulaa saan)<br \/>-RENNOSTI VAAN (eri esitt\u00e4ji\u00e4)<br \/>-Finnlevy Toivekonsertti 8 (mm. Frederik, Matti ja Teppo, Markku Aro, Irwin Goodman)<br \/>-PORNOJENKKA JA MUUTA MUKAVAA<br \/>-ERKKI ERTAMA<br \/>-KINGSTON TRIO (The best of &#8230;)<br \/>-Hits State Side<\/p><p>-Chips Murphie \u201dTijuana Country Brass\u201d<\/p><p>-Herb Alpert And The Tijuana Brass, Volume 2<\/p>","protected":false},"excerpt":{"rendered":"<p>Useita valmistajia. Kasiraita 8-track kasetti cartridge. Tilatessasi kerrothan mink\u00e4\/mitk\u00e4 j\u00e4ljell\u00e4 olevista haluat saada.\u00a0 \u00a0N\u00e4m\u00e4 j\u00e4ljell\u00e4:Cool Candys Go&#8217;bitar 2 (anette-cassette AC8 195 STEREO 8)San BernadinoIslas Canarias y su folkloreyksi etiketit\u00f6nSeuraavat myyty:&#8211; HEIKKI LAURILA (Love story)-KOLME VEIJARIA-VICTOR KLIMENKO (Stenka rasin)-LASSE M\u00c5RTENSON &#8211; NINO VICENTO (Kes\u00e4uni)-KATRI HELENA (Kai laulaa saan)-RENNOSTI VAAN (eri esitt\u00e4ji\u00e4)-Finnlevy Toivekonsertti 8 (mm. Frederik, Matti &hellip;<\/p>\n<p class=\"read-more\"> <a class=\"thunk-readmore button\" href=\"https:\/\/www.radiomarket.fi\/en\/kohde\/ekua9915-tuntematon-8-track\/\"> <span class=\"screen-reader-text\">EKUA9915 8-track (kasiraita), eri sis\u00e4lt\u00f6isi\u00e4 (EKUM)<\/span>Read More<\/a><\/p>","protected":false},"featured_media":11960,"template":"","meta":[],"_links":{"self":[{"href":"https:\/\/www.radiomarket.fi\/en\/wp-json\/wp\/v2\/product\/20884"}],"collection":[{"href":"https:\/\/www.radiomarket.fi\/en\/wp-json\/wp\/v2\/product"}],"about":[{"href":"https:\/\/www.radiomarket.fi\/en\/wp-json\/wp\/v2\/types\/product"}],"wp:featuredmedia":[{"embeddable":true,"href":"https:\/\/www.radiomarket.fi\/en\/wp-json\/wp\/v2\/media\/11960"}],"wp:attachment":[{"href":"https:\/\/www.radiomarket.fi\/en\/wp-json\/wp\/v2\/media?parent=20884"}],"curies":[{"name":"wp","href":"https:\/\/api.w.org\/{rel}","templated":true}]}}