{"id":20888,"date":"2020-10-05T11:15:40","date_gmt":"2020-10-05T08:15:40","guid":{"rendered":"https:\/\/www.radiomarket.fi\/tuote\/ekua9911-aston-aw-8380\/"},"modified":"2023-07-13T10:33:58","modified_gmt":"2023-07-13T07:33:58","slug":"ekua9911-aston-aw-8380","status":"publish","type":"product","link":"https:\/\/www.radiomarket.fi\/en\/kohde\/ekua9911-aston-aw-8380\/","title":{"rendered":"EKUA9911 Aston AW-8380 (EKUM)"},"content":{"rendered":"<p>Kannettava AM\/FM -vastaanotin jossa CD ja kasettisoitin, \u00e4\u00e4nenvoimakkuus- ja asemanvalintanupit puuttuvat. Ei antennia. Ainakin radio toimii. Radio j\u00e4\u00e4nyt taajuudelle 97.7 Mhz.<\/p>","protected":false},"excerpt":{"rendered":"<p>Kannettava AM\/FM -vastaanotin jossa CD ja kasettisoitin, \u00e4\u00e4nenvoimakkuus- ja asemanvalintanupit puuttuvat. Ei antennia. Ainakin radio toimii. Radio j\u00e4\u00e4nyt taajuudelle 97.7 Mhz.<\/p>","protected":false},"featured_media":11952,"template":"","meta":[],"_links":{"self":[{"href":"https:\/\/www.radiomarket.fi\/en\/wp-json\/wp\/v2\/product\/20888"}],"collection":[{"href":"https:\/\/www.radiomarket.fi\/en\/wp-json\/wp\/v2\/product"}],"about":[{"href":"https:\/\/www.radiomarket.fi\/en\/wp-json\/wp\/v2\/types\/product"}],"wp:featuredmedia":[{"embeddable":true,"href":"https:\/\/www.radiomarket.fi\/en\/wp-json\/wp\/v2\/media\/11952"}],"wp:attachment":[{"href":"https:\/\/www.radiomarket.fi\/en\/wp-json\/wp\/v2\/media?parent=20888"}],"curies":[{"name":"wp","href":"https:\/\/api.w.org\/{rel}","templated":true}]}}