{"id":20899,"date":"2020-10-05T11:15:44","date_gmt":"2020-10-05T08:15:44","guid":{"rendered":"https:\/\/www.radiomarket.fi\/tuote\/ekua9899-grundig-me-80\/"},"modified":"2021-01-20T12:54:26","modified_gmt":"2021-01-20T10:54:26","slug":"ekua9899-grundig-me-80","status":"publish","type":"product","link":"https:\/\/www.radiomarket.fi\/en\/kohde\/ekua9899-grundig-me-80\/","title":{"rendered":"EKUA9899 Grundig ME 80"},"content":{"rendered":"Tarroitettu \u201dvaralaite\u201d ja \u201dkalibroitava ennen k\u00e4ytt\u00f6\u00e4\u201d. Analogitelevisiolle.","protected":false},"excerpt":{"rendered":"<p>Tarroitettu \u201dvaralaite\u201d ja \u201dkalibroitava ennen k\u00e4ytt\u00f6\u00e4\u201d. Analogitelevisiolle.<\/p>","protected":false},"featured_media":11933,"template":"","meta":[],"_links":{"self":[{"href":"https:\/\/www.radiomarket.fi\/en\/wp-json\/wp\/v2\/product\/20899"}],"collection":[{"href":"https:\/\/www.radiomarket.fi\/en\/wp-json\/wp\/v2\/product"}],"about":[{"href":"https:\/\/www.radiomarket.fi\/en\/wp-json\/wp\/v2\/types\/product"}],"wp:featuredmedia":[{"embeddable":true,"href":"https:\/\/www.radiomarket.fi\/en\/wp-json\/wp\/v2\/media\/11933"}],"wp:attachment":[{"href":"https:\/\/www.radiomarket.fi\/en\/wp-json\/wp\/v2\/media?parent=20899"}],"curies":[{"name":"wp","href":"https:\/\/api.w.org\/{rel}","templated":true}]}}