{"id":20922,"date":"2020-10-05T11:15:55","date_gmt":"2020-10-05T08:15:55","guid":{"rendered":"https:\/\/www.radiomarket.fi\/tuote\/ekua9872-tuntematon-eti-64-64\/"},"modified":"2022-01-22T19:46:38","modified_gmt":"2022-01-22T17:46:38","slug":"ekua9872-tuntematon-eti-64-64","status":"publish","type":"product","link":"https:\/\/www.radiomarket.fi\/en\/kohde\/ekua9872-tuntematon-eti-64-64\/","title":{"rendered":"EKUA9872 Tuntematon ETI-64 (\u044d\u0442\u0438-64)"},"content":{"rendered":"Nupiton, luukun takana sis\u00e4ll\u00e4 saattanut olla jokin mittariin kuuluva osa, jota ei t\u00e4ss\u00e4 ole, syvennyksen per\u00e4ll\u00e4 vain liittimen naarasp\u00e4\u00e4.","protected":false},"excerpt":{"rendered":"<p>Nupiton, luukun takana sis\u00e4ll\u00e4 saattanut olla jokin mittariin kuuluva osa, jota ei t\u00e4ss\u00e4 ole, syvennyksen per\u00e4ll\u00e4 vain liittimen naarasp\u00e4\u00e4.<\/p>","protected":false},"featured_media":11895,"template":"","meta":[],"_links":{"self":[{"href":"https:\/\/www.radiomarket.fi\/en\/wp-json\/wp\/v2\/product\/20922"}],"collection":[{"href":"https:\/\/www.radiomarket.fi\/en\/wp-json\/wp\/v2\/product"}],"about":[{"href":"https:\/\/www.radiomarket.fi\/en\/wp-json\/wp\/v2\/types\/product"}],"wp:featuredmedia":[{"embeddable":true,"href":"https:\/\/www.radiomarket.fi\/en\/wp-json\/wp\/v2\/media\/11895"}],"wp:attachment":[{"href":"https:\/\/www.radiomarket.fi\/en\/wp-json\/wp\/v2\/media?parent=20922"}],"curies":[{"name":"wp","href":"https:\/\/api.w.org\/{rel}","templated":true}]}}