{"id":20929,"date":"2020-10-05T11:15:57","date_gmt":"2020-10-05T08:15:57","guid":{"rendered":"https:\/\/www.radiomarket.fi\/tuote\/ekua9864-veb-putkiradio\/"},"modified":"2023-01-19T23:38:32","modified_gmt":"2023-01-19T21:38:32","slug":"ekua9864-veb-putkiradio","status":"publish","type":"product","link":"https:\/\/www.radiomarket.fi\/en\/kohde\/ekua9864-veb-putkiradio\/","title":{"rendered":"EKUA9864 VEB Putkiradio (EKUM)"},"content":{"rendered":"<p>Nupin p\u00f6lykapseli toiseen nuppiin itse tehty. Ei tutkittu tarkemmin.<\/p>","protected":false},"excerpt":{"rendered":"<p>Suosittelemme putkiradioille: s\u00e4rkyv\u00e4 -lis\u00e4palvelu (ostettavissa erikseen tuotteena).<\/p>","protected":false},"featured_media":11882,"template":"","meta":[],"_links":{"self":[{"href":"https:\/\/www.radiomarket.fi\/en\/wp-json\/wp\/v2\/product\/20929"}],"collection":[{"href":"https:\/\/www.radiomarket.fi\/en\/wp-json\/wp\/v2\/product"}],"about":[{"href":"https:\/\/www.radiomarket.fi\/en\/wp-json\/wp\/v2\/types\/product"}],"wp:featuredmedia":[{"embeddable":true,"href":"https:\/\/www.radiomarket.fi\/en\/wp-json\/wp\/v2\/media\/11882"}],"wp:attachment":[{"href":"https:\/\/www.radiomarket.fi\/en\/wp-json\/wp\/v2\/media?parent=20929"}],"curies":[{"name":"wp","href":"https:\/\/api.w.org\/{rel}","templated":true}]}}