{"id":20930,"date":"2020-10-05T11:15:57","date_gmt":"2020-10-05T08:15:57","guid":{"rendered":"https:\/\/www.radiomarket.fi\/tuote\/ekua9863-salora-670\/"},"modified":"2026-02-08T12:55:21","modified_gmt":"2026-02-08T10:55:21","slug":"ekua9863-salora-670","status":"publish","type":"product","link":"https:\/\/www.radiomarket.fi\/en\/kohde\/ekua9863-salora-670\/","title":{"rendered":"EKUA9863 Salora 670"},"content":{"rendered":"Kuvausta ei saatavilla. Kysy lis\u00e4\u00e4.","protected":false},"excerpt":{"rendered":"<p>Kuvausta ei saatavilla. Kysy lis\u00e4\u00e4.<\/p>","protected":false},"featured_media":11881,"template":"","meta":[],"_links":{"self":[{"href":"https:\/\/www.radiomarket.fi\/en\/wp-json\/wp\/v2\/product\/20930"}],"collection":[{"href":"https:\/\/www.radiomarket.fi\/en\/wp-json\/wp\/v2\/product"}],"about":[{"href":"https:\/\/www.radiomarket.fi\/en\/wp-json\/wp\/v2\/types\/product"}],"wp:featuredmedia":[{"embeddable":true,"href":"https:\/\/www.radiomarket.fi\/en\/wp-json\/wp\/v2\/media\/11881"}],"wp:attachment":[{"href":"https:\/\/www.radiomarket.fi\/en\/wp-json\/wp\/v2\/media?parent=20930"}],"curies":[{"name":"wp","href":"https:\/\/api.w.org\/{rel}","templated":true}]}}