{"id":20942,"date":"2020-10-05T11:16:03","date_gmt":"2020-10-05T08:16:03","guid":{"rendered":"https:\/\/www.radiomarket.fi\/tuote\/ekua9848-tuntematon-liitin\/"},"modified":"2021-10-14T14:26:59","modified_gmt":"2021-10-14T11:26:59","slug":"ekua9848-tuntematon-liitin","status":"publish","type":"product","link":"https:\/\/www.radiomarket.fi\/en\/kohde\/ekua9848-tuntematon-liitin\/","title":{"rendered":"EKUA9848 8-reik\u00e4inen liitin (EKUM)"},"content":{"rendered":"<p>8-reik\u00e4isi\u00e4 liittimi\u00e4 2 kpl.<\/p>","protected":false},"excerpt":{"rendered":"<p>8-reik\u00e4isi\u00e4 liittimi\u00e4 2 kpl.<\/p>","protected":false},"featured_media":11858,"template":"","meta":[],"_links":{"self":[{"href":"https:\/\/www.radiomarket.fi\/en\/wp-json\/wp\/v2\/product\/20942"}],"collection":[{"href":"https:\/\/www.radiomarket.fi\/en\/wp-json\/wp\/v2\/product"}],"about":[{"href":"https:\/\/www.radiomarket.fi\/en\/wp-json\/wp\/v2\/types\/product"}],"wp:featuredmedia":[{"embeddable":true,"href":"https:\/\/www.radiomarket.fi\/en\/wp-json\/wp\/v2\/media\/11858"}],"wp:attachment":[{"href":"https:\/\/www.radiomarket.fi\/en\/wp-json\/wp\/v2\/media?parent=20942"}],"curies":[{"name":"wp","href":"https:\/\/api.w.org\/{rel}","templated":true}]}}