{"id":20950,"date":"2020-10-05T11:16:07","date_gmt":"2020-10-05T08:16:07","guid":{"rendered":"https:\/\/www.radiomarket.fi\/tuote\/ekua9824-telefunken-malli-054\/"},"modified":"2023-01-12T21:46:02","modified_gmt":"2023-01-12T19:46:02","slug":"ekua9824-telefunken-malli-054","status":"publish","type":"product","link":"https:\/\/www.radiomarket.fi\/en\/kohde\/ekua9824-telefunken-malli-054\/","title":{"rendered":"EKUA9824 Telefunken Malli 054 (EKUS)"},"content":{"rendered":"<p>Kuvausta ei saatavilla.<\/p>","protected":false},"excerpt":{"rendered":"<p>Suosittelemme asteikkolaseille s\u00e4rkyv\u00e4-lis\u00e4palvelua (ostettavissa tuotteena)<\/p>","protected":false},"featured_media":11831,"template":"","meta":[],"_links":{"self":[{"href":"https:\/\/www.radiomarket.fi\/en\/wp-json\/wp\/v2\/product\/20950"}],"collection":[{"href":"https:\/\/www.radiomarket.fi\/en\/wp-json\/wp\/v2\/product"}],"about":[{"href":"https:\/\/www.radiomarket.fi\/en\/wp-json\/wp\/v2\/types\/product"}],"wp:featuredmedia":[{"embeddable":true,"href":"https:\/\/www.radiomarket.fi\/en\/wp-json\/wp\/v2\/media\/11831"}],"wp:attachment":[{"href":"https:\/\/www.radiomarket.fi\/en\/wp-json\/wp\/v2\/media?parent=20950"}],"curies":[{"name":"wp","href":"https:\/\/api.w.org\/{rel}","templated":true}]}}