{"id":20951,"date":"2024-09-03T11:33:08","date_gmt":"2024-09-03T08:33:08","guid":{"rendered":"https:\/\/www.radiomarket.fi\/tuote\/ekua9823-salora-metropol-56\/"},"modified":"2025-09-25T16:28:29","modified_gmt":"2025-09-25T13:28:29","slug":"ekua9823-salora-metropol-56","status":"publish","type":"product","link":"https:\/\/www.radiomarket.fi\/en\/kohde\/ekua9823-salora-metropol-56\/","title":{"rendered":"EKUA9823 Salora Metropol 57 kotelo ja pisteosia, puretaan (EKUM)"},"content":{"rendered":"<p><strong>Myydyt osat:<\/strong> Oikeanpuoleisen pienemm\u00e4n nupin p\u00f6lykapseli puuttuu (myyty kokonaan ko. p\u00f6lykapseliton nuppi), molemmat kulmakaiuttimien ritil\u00e4t puuttuvat. Vasemmanpuoleinen pienempi nuppi myyty. Molemmat isommat nupit myyty. Molemmat kermankeltaiset s\u00e4vyns\u00e4\u00e4t\u00f6nupit alaalta puuttuvat. Kotelon Salora-merkki rikki. Putket, painonapit ja asteikkolasi puuttuu. Kotelosta purettu kangasta kiert\u00e4v\u00e4 yl\u00e4lista ja oikeanpuolinen koristehela, sek\u00e4 kangasta kiert\u00e4v\u00e4 alalista. Koneisto myyty varaosiksi. Takakansi myyty. Keskimm\u00e4inen pieni Goodmans ja toinen Goodmansin kulmakaiutin myyty. Myyty my\u00f6s iso etukaiutin, suorakulmion muotoinen Isophon P1826\/25\/80, jota k\u00e4ytettiin my\u00f6s joissakin Metropol 57:ssa, mutta 58-malliseen Metropoliin suorakulmion muotoinen elementti ei sovi koteloon sis\u00e4\u00e4n (pit\u00e4\u00e4 olla ovaalinmuotoinen Isophon, elementti, joita l\u00f6ytyy esim Salora 810V -malleista.). Pohjalevy myyty varaosaksi.<br \/><br \/><strong>J\u00e4ljell\u00e4 seuraavat osat:<\/strong><\/p><p>kotelo ja kotelon yl\u00e4- ja alareunan patinoituneet listat<br \/>j\u00e4ljell\u00e4 vain kankaan allaoleva lista<br \/>\u00e4\u00e4nens\u00e4vyn\u00e4pp\u00e4imist\u00f6n mekanismi painonappeineen ja sen kehys<br \/>Takakannen ruuvit ja muut ruuvit ja j\u00e4ljell\u00e4 olevat nupit sis\u00e4ll\u00e4 pussitettuna.\u00a0<br \/>Vasemmanpuolinen koristehela (sopii my\u00f6s Salora Riviera -radioon)<br \/>Kaiutinelementeist\u00e4 j\u00e4ljell\u00e4 1 kpl Goodmans -merkkisi\u00e4 (kuvassa n\u00e4kyv\u00e4 oikeanpuoleinen kulmakaiutin, jonka pahvissa iso reik\u00e4).\u00a0<\/p><p>Myyd\u00e4\u00e4n osina, tiedustele tarvitsemiasi varaosia e-maililla tai puhelimitse aukioloaikoina.<br \/><br \/>T\u00e4h\u00e4n malliin sopivaa s\u00e4vyns\u00e4\u00e4t\u00f6nuppia Asa RT-50 tuotenumerolla EKUM0228.<\/p>","protected":false},"excerpt":{"rendered":"<p>Myydyt osat: Oikeanpuoleisen pienemm\u00e4n nupin p\u00f6lykapseli puuttuu (myyty kokonaan ko. p\u00f6lykapseliton nuppi), molemmat kulmakaiuttimien ritil\u00e4t puuttuvat. Vasemmanpuoleinen pienempi nuppi myyty. Molemmat isommat nupit myyty. Molemmat kermankeltaiset s\u00e4vyns\u00e4\u00e4t\u00f6nupit alaalta puuttuvat. Kotelon Salora-merkki rikki. Putket, painonapit ja asteikkolasi puuttuu. Kotelosta purettu kangasta kiert\u00e4v\u00e4 yl\u00e4lista ja oikeanpuolinen koristehela, sek\u00e4 kangasta kiert\u00e4v\u00e4 alalista. Koneisto myyty varaosiksi. Takakansi myyty. Keskimm\u00e4inen &hellip;<\/p>\n<p class=\"read-more\"> <a class=\"thunk-readmore button\" href=\"https:\/\/www.radiomarket.fi\/en\/kohde\/ekua9823-salora-metropol-56\/\"> <span class=\"screen-reader-text\">EKUA9823 Salora Metropol 57 kotelo ja pisteosia, puretaan (EKUM)<\/span>Read More<\/a><\/p>","protected":false},"featured_media":11824,"template":"","meta":[],"_links":{"self":[{"href":"https:\/\/www.radiomarket.fi\/en\/wp-json\/wp\/v2\/product\/20951"}],"collection":[{"href":"https:\/\/www.radiomarket.fi\/en\/wp-json\/wp\/v2\/product"}],"about":[{"href":"https:\/\/www.radiomarket.fi\/en\/wp-json\/wp\/v2\/types\/product"}],"wp:featuredmedia":[{"embeddable":true,"href":"https:\/\/www.radiomarket.fi\/en\/wp-json\/wp\/v2\/media\/11824"}],"wp:attachment":[{"href":"https:\/\/www.radiomarket.fi\/en\/wp-json\/wp\/v2\/media?parent=20951"}],"curies":[{"name":"wp","href":"https:\/\/api.w.org\/{rel}","templated":true}]}}