{"id":20958,"date":"2026-01-23T06:16:11","date_gmt":"2026-01-23T04:16:11","guid":{"rendered":"https:\/\/www.radiomarket.fi\/tuote\/ekua9787-blaupunkt-derby\/"},"modified":"2026-01-23T06:56:51","modified_gmt":"2026-01-23T04:56:51","slug":"ekua9787-blaupunkt-derby","status":"publish","type":"product","link":"https:\/\/www.radiomarket.fi\/en\/kohde\/ekua9787-blaupunkt-derby\/","title":{"rendered":"EKUA9787 Blaupunkt Derby puretaan (EKUM)"},"content":{"rendered":"<p>Osiksi, katso kuva.<\/p><p><strong>Kuvan oton j\u00e4lkeen myyty varaosiksi ainakin:<\/strong><br \/>-antennin nivelosa<br \/>-asteikon viereiset kulmamuovit<br \/>-muuntajista pienempi puuttuu, vain 5 piikki\u00e4 piirilevyll\u00e4 j\u00e4ljell\u00e4<br \/>-paristokotelon rikkoutunut luukku, joka on kiinni kahdella ruuvilla, sek\u00e4 siin\u00e4 kiinni olevat kontaktiliuskat<br \/><br \/>Muitakin osia saattaa olla purettu. Varmistathan tietojen oikeellisuuden myyj\u00e4lt\u00e4.<\/p>","protected":false},"excerpt":{"rendered":"<p>Osiksi, katso kuva.Kuvan oton j\u00e4lkeen myyty varaosiksi ainakin:-antennin nivelosa-asteikon viereiset kulmamuovit-muuntajista pienempi puuttuu, vain 5 piikki\u00e4 piirilevyll\u00e4 j\u00e4ljell\u00e4-paristokotelon rikkoutunut luukku, joka on kiinni kahdella ruuvilla, sek\u00e4 siin\u00e4 kiinni olevat kontaktiliuskatMuitakin osia saattaa olla purettu. Varmistathan tietojen oikeellisuuden myyj\u00e4lt\u00e4.<\/p>","protected":false},"featured_media":25871,"template":"","meta":[],"_links":{"self":[{"href":"https:\/\/www.radiomarket.fi\/en\/wp-json\/wp\/v2\/product\/20958"}],"collection":[{"href":"https:\/\/www.radiomarket.fi\/en\/wp-json\/wp\/v2\/product"}],"about":[{"href":"https:\/\/www.radiomarket.fi\/en\/wp-json\/wp\/v2\/types\/product"}],"wp:featuredmedia":[{"embeddable":true,"href":"https:\/\/www.radiomarket.fi\/en\/wp-json\/wp\/v2\/media\/25871"}],"wp:attachment":[{"href":"https:\/\/www.radiomarket.fi\/en\/wp-json\/wp\/v2\/media?parent=20958"}],"curies":[{"name":"wp","href":"https:\/\/api.w.org\/{rel}","templated":true}]}}