{"id":21003,"date":"2020-10-05T11:16:27","date_gmt":"2020-10-05T08:16:27","guid":{"rendered":"https:\/\/www.radiomarket.fi\/tuote\/ekua9729-asa-115\/"},"modified":"2026-02-08T12:53:12","modified_gmt":"2026-02-08T10:53:12","slug":"ekua9729-asa-115","status":"publish","type":"product","link":"https:\/\/www.radiomarket.fi\/en\/kohde\/ekua9729-asa-115\/","title":{"rendered":"EKUA9729 Asa 115 (EKUS)"},"content":{"rendered":"<p>Huono kotelo, lasista tekstit tippuneet. Asteikkolangat paikallaan. ULAllinen. Ei tutkittu tarkemmin.<\/p>","protected":false},"excerpt":{"rendered":"<p>Suosittelemme s\u00e4rkyv\u00e4 -lis\u00e4palvelua t\u00e4m\u00e4n tuotekategorian tuotteille.<\/p>","protected":false},"featured_media":11732,"template":"","meta":[],"_links":{"self":[{"href":"https:\/\/www.radiomarket.fi\/en\/wp-json\/wp\/v2\/product\/21003"}],"collection":[{"href":"https:\/\/www.radiomarket.fi\/en\/wp-json\/wp\/v2\/product"}],"about":[{"href":"https:\/\/www.radiomarket.fi\/en\/wp-json\/wp\/v2\/types\/product"}],"wp:featuredmedia":[{"embeddable":true,"href":"https:\/\/www.radiomarket.fi\/en\/wp-json\/wp\/v2\/media\/11732"}],"wp:attachment":[{"href":"https:\/\/www.radiomarket.fi\/en\/wp-json\/wp\/v2\/media?parent=21003"}],"curies":[{"name":"wp","href":"https:\/\/api.w.org\/{rel}","templated":true}]}}