{"id":21004,"date":"2024-08-02T11:16:28","date_gmt":"2024-08-02T08:16:28","guid":{"rendered":"https:\/\/www.radiomarket.fi\/tuote\/ekua9727-philips-b4sf84a\/"},"modified":"2025-07-07T11:21:21","modified_gmt":"2025-07-07T08:21:21","slug":"ekua9727-philips-b4sf84a","status":"publish","type":"product","link":"https:\/\/www.radiomarket.fi\/en\/kohde\/ekua9727-philips-b4sf84a\/","title":{"rendered":"EKUA9727 Philips B4SF84A puretaan (EKUS)"},"content":{"rendered":"<p>Kotelossa kukkapurkin j\u00e4lki, koneistoltaan l\u00e4ht\u00f6tilanteessa kokonainen. <br \/><br \/>P\u00e4\u00e4tyritil\u00e4t puuttuu, ulommat nupit puuttuu. Ei putkia. <br \/>5 painonappia irrallaan mukana (eiv\u00e4t samanlaisia kuin EKUA1092). <br \/>\u00c4\u00e4nenv\u00e4rin pienet painonapit (3 kpl) puuttuu. \u00c4\u00e4nenv\u00e4rin s\u00e4\u00e4t\u00f6mekanismi purettu varaosaksi kuvien oton j\u00e4lkeen.<br \/>Asteikon takana ollut muovikalvo purettu varaosaksi kuvien oton j\u00e4lkeen.<br \/>Kaiutin AD3700X (toisessa siis ei kaksoiskartiota). <br \/>Asteikkolasi <span data-sheets-value=\"{&quot;1&quot;:2,&quot;2&quot;:&quot;FX51745&quot;}\" data-sheets-userformat=\"{&quot;2&quot;:513,&quot;3&quot;:{&quot;1&quot;:0},&quot;12&quot;:0}\">FX51745 <\/span>purettu varaosaksi.<\/p><p>TAUSTALEVY VARATTU 5.7.2025 saakka<\/p><p><br \/>Katso my\u00f6s EKUS1028.<\/p>","protected":false},"excerpt":{"rendered":"<p>Kotelossa kukkapurkin j\u00e4lki, koneistoltaan l\u00e4ht\u00f6tilanteessa kokonainen. P\u00e4\u00e4tyritil\u00e4t puuttuu, ulommat nupit puuttuu. Ei putkia. 5 painonappia irrallaan mukana (eiv\u00e4t samanlaisia kuin EKUA1092). \u00c4\u00e4nenv\u00e4rin pienet painonapit (3 kpl) puuttuu. \u00c4\u00e4nenv\u00e4rin s\u00e4\u00e4t\u00f6mekanismi purettu varaosaksi kuvien oton j\u00e4lkeen.Asteikon takana ollut muovikalvo purettu varaosaksi kuvien oton j\u00e4lkeen.Kaiutin AD3700X (toisessa siis ei kaksoiskartiota). Asteikkolasi FX51745 purettu varaosaksi.TAUSTALEVY VARATTU 5.7.2025 saakkaKatso my\u00f6s &hellip;<\/p>\n<p class=\"read-more\"> <a class=\"thunk-readmore button\" href=\"https:\/\/www.radiomarket.fi\/en\/kohde\/ekua9727-philips-b4sf84a\/\"> <span class=\"screen-reader-text\">EKUA9727 Philips B4SF84A puretaan (EKUS)<\/span>Read More<\/a><\/p>","protected":false},"featured_media":11728,"template":"","meta":[],"_links":{"self":[{"href":"https:\/\/www.radiomarket.fi\/en\/wp-json\/wp\/v2\/product\/21004"}],"collection":[{"href":"https:\/\/www.radiomarket.fi\/en\/wp-json\/wp\/v2\/product"}],"about":[{"href":"https:\/\/www.radiomarket.fi\/en\/wp-json\/wp\/v2\/types\/product"}],"wp:featuredmedia":[{"embeddable":true,"href":"https:\/\/www.radiomarket.fi\/en\/wp-json\/wp\/v2\/media\/11728"}],"wp:attachment":[{"href":"https:\/\/www.radiomarket.fi\/en\/wp-json\/wp\/v2\/media?parent=21004"}],"curies":[{"name":"wp","href":"https:\/\/api.w.org\/{rel}","templated":true}]}}