{"id":21019,"date":"2020-10-05T11:16:34","date_gmt":"2020-10-05T08:16:34","guid":{"rendered":"https:\/\/www.radiomarket.fi\/tuote\/ekua9605-tuntematon-antenni\/"},"modified":"2024-06-13T22:42:32","modified_gmt":"2024-06-13T19:42:32","slug":"ekua9605-tuntematon-antenni","status":"publish","type":"product","link":"https:\/\/www.radiomarket.fi\/en\/kohde\/ekua9605-tuntematon-antenni\/","title":{"rendered":"EKUA9605 VHF-patukka-antenni (EKUS)"},"content":{"rendered":"<p>150 Mhz NOS. Mitta antennin huipusta liittimeen asti (koko tuotteelle) n. 160mm.<\/p>","protected":false},"excerpt":{"rendered":"<p>BNC-liitin. Kirjetoimitustuotteita kannattaa tilata kerralla useampiakin, yksi lis\u00e4tuote lis\u00e4\u00e4 postikulua vain 10 sentill\u00e4 (tilanne 6\/2024, voi muuttua)<\/p>","protected":false},"featured_media":11696,"template":"","meta":[],"_links":{"self":[{"href":"https:\/\/www.radiomarket.fi\/en\/wp-json\/wp\/v2\/product\/21019"}],"collection":[{"href":"https:\/\/www.radiomarket.fi\/en\/wp-json\/wp\/v2\/product"}],"about":[{"href":"https:\/\/www.radiomarket.fi\/en\/wp-json\/wp\/v2\/types\/product"}],"wp:featuredmedia":[{"embeddable":true,"href":"https:\/\/www.radiomarket.fi\/en\/wp-json\/wp\/v2\/media\/11696"}],"wp:attachment":[{"href":"https:\/\/www.radiomarket.fi\/en\/wp-json\/wp\/v2\/media?parent=21019"}],"curies":[{"name":"wp","href":"https:\/\/api.w.org\/{rel}","templated":true}]}}