{"id":21026,"date":"2020-10-05T11:16:38","date_gmt":"2020-10-05T08:16:38","guid":{"rendered":"https:\/\/www.radiomarket.fi\/tuote\/ekua9597-tuntematon-c-kasetti\/"},"modified":"2025-01-13T10:20:15","modified_gmt":"2025-01-13T08:20:15","slug":"ekua9597-tuntematon-c-kasetti","status":"publish","type":"product","link":"https:\/\/www.radiomarket.fi\/en\/kohde\/ekua9597-tuntematon-c-kasetti\/","title":{"rendered":"EKUA9597 C-kasetti C90 (EKUS)"},"content":{"rendered":"<p>Uusia tyhji\u00e4 C-kasetteja.<\/p>","protected":false},"excerpt":{"rendered":"<p>Kirjetoimitustuotteita kannattaa tilata kerralla useampiakin, yksi lis\u00e4tuote lis\u00e4\u00e4 postikulua vain 10 sentill\u00e4 (tilanne 6\/2024, voi muuttua)<\/p>","protected":false},"featured_media":11673,"template":"","meta":[],"_links":{"self":[{"href":"https:\/\/www.radiomarket.fi\/en\/wp-json\/wp\/v2\/product\/21026"}],"collection":[{"href":"https:\/\/www.radiomarket.fi\/en\/wp-json\/wp\/v2\/product"}],"about":[{"href":"https:\/\/www.radiomarket.fi\/en\/wp-json\/wp\/v2\/types\/product"}],"wp:featuredmedia":[{"embeddable":true,"href":"https:\/\/www.radiomarket.fi\/en\/wp-json\/wp\/v2\/media\/11673"}],"wp:attachment":[{"href":"https:\/\/www.radiomarket.fi\/en\/wp-json\/wp\/v2\/media?parent=21026"}],"curies":[{"name":"wp","href":"https:\/\/api.w.org\/{rel}","templated":true}]}}