{"id":21027,"date":"2020-10-05T11:16:38","date_gmt":"2020-10-05T08:16:38","guid":{"rendered":"https:\/\/www.radiomarket.fi\/tuote\/ekua9593-e-bench-kh-2262\/"},"modified":"2020-10-05T11:16:38","modified_gmt":"2020-10-05T08:16:38","slug":"ekua9593-e-bench-kh-2262","status":"publish","type":"product","link":"https:\/\/www.radiomarket.fi\/en\/kohde\/ekua9593-e-bench-kh-2262\/","title":{"rendered":"EKUA9593 E-Bench KH 2262"},"content":{"rendered":"Radio soi, CD-soitin soi, kasettipes\u00e4 sy\u00f6 nauhan.","protected":false},"excerpt":{"rendered":"<p>Radio soi, CD-soitin soi, kasettipes\u00e4 sy\u00f6 nauhan.<\/p>","protected":false},"featured_media":11664,"template":"","meta":[],"_links":{"self":[{"href":"https:\/\/www.radiomarket.fi\/en\/wp-json\/wp\/v2\/product\/21027"}],"collection":[{"href":"https:\/\/www.radiomarket.fi\/en\/wp-json\/wp\/v2\/product"}],"about":[{"href":"https:\/\/www.radiomarket.fi\/en\/wp-json\/wp\/v2\/types\/product"}],"wp:featuredmedia":[{"embeddable":true,"href":"https:\/\/www.radiomarket.fi\/en\/wp-json\/wp\/v2\/media\/11664"}],"wp:attachment":[{"href":"https:\/\/www.radiomarket.fi\/en\/wp-json\/wp\/v2\/media?parent=21027"}],"curies":[{"name":"wp","href":"https:\/\/api.w.org\/{rel}","templated":true}]}}