{"id":21040,"date":"2023-09-07T15:16:44","date_gmt":"2023-09-07T12:16:44","guid":{"rendered":"https:\/\/www.radiomarket.fi\/tuote\/ekua9575-celeston-caprice\/"},"modified":"2025-01-14T12:07:29","modified_gmt":"2025-01-14T10:07:29","slug":"ekua9575-celeston-caprice","status":"publish","type":"product","link":"https:\/\/www.radiomarket.fi\/en\/kohde\/ekua9575-celeston-caprice\/","title":{"rendered":"EKUA9575 Celeston Stereo Caprice puretaan (EKUM)"},"content":{"rendered":"<p>Kotelo k\u00e4rsinyt.<br \/><br \/><strong>Ainakin seuraavat osat purettu, rikki tai puuttuvat:<\/strong><br \/><br \/>-ei painonappeja<br \/>-ei putkia<br \/>-ei kaiutinelementtej\u00e4<br \/>-lampunkannat puuttuvat<br \/>-takalevy myyty<br \/><br \/>Hinta t\u00e4st\u00e4 saatavien varaosien arvioitu kokonaishinta. Tilaa tarvitsemasi varaosat emaililla.<br \/><br \/><\/p>","protected":false},"excerpt":{"rendered":"<p>Kotelo k\u00e4rsinyt.Ainakin seuraavat osat purettu, rikki tai puuttuvat:-ei painonappeja-ei putkia-ei kaiutinelementtej\u00e4-lampunkannat puuttuvat-takalevy myytyHinta t\u00e4st\u00e4 saatavien varaosien arvioitu kokonaishinta. Tilaa tarvitsemasi varaosat emaililla.<\/p>","protected":false},"featured_media":11630,"template":"","meta":[],"_links":{"self":[{"href":"https:\/\/www.radiomarket.fi\/en\/wp-json\/wp\/v2\/product\/21040"}],"collection":[{"href":"https:\/\/www.radiomarket.fi\/en\/wp-json\/wp\/v2\/product"}],"about":[{"href":"https:\/\/www.radiomarket.fi\/en\/wp-json\/wp\/v2\/types\/product"}],"wp:featuredmedia":[{"embeddable":true,"href":"https:\/\/www.radiomarket.fi\/en\/wp-json\/wp\/v2\/media\/11630"}],"wp:attachment":[{"href":"https:\/\/www.radiomarket.fi\/en\/wp-json\/wp\/v2\/media?parent=21040"}],"curies":[{"name":"wp","href":"https:\/\/api.w.org\/{rel}","templated":true}]}}