{"id":21055,"date":"2020-10-05T11:16:54","date_gmt":"2020-10-05T08:16:54","guid":{"rendered":"https:\/\/www.radiomarket.fi\/tuote\/ekua9560-loewe-opta-kelanauhuri\/"},"modified":"2021-08-23T02:34:05","modified_gmt":"2021-08-22T23:34:05","slug":"ekua9560-loewe-opta-kelanauhuri","status":"publish","type":"product","link":"https:\/\/www.radiomarket.fi\/en\/kohde\/ekua9560-loewe-opta-kelanauhuri\/","title":{"rendered":"EKUA9560 Loewe-Opta kelanauhuri ja mikrofoni"},"content":{"rendered":"Siisti sis\u00e4lt\u00e4, p\u00e4\u00e4lt\u00e4 kostunut, alkuper\u00e4inen mikrofoni?","protected":false},"excerpt":{"rendered":"<p>Siisti sis\u00e4lt\u00e4, p\u00e4\u00e4lt\u00e4 kostunut, alkuper\u00e4inen mikrofoni?<\/p>","protected":false},"featured_media":25439,"template":"","meta":[],"_links":{"self":[{"href":"https:\/\/www.radiomarket.fi\/en\/wp-json\/wp\/v2\/product\/21055"}],"collection":[{"href":"https:\/\/www.radiomarket.fi\/en\/wp-json\/wp\/v2\/product"}],"about":[{"href":"https:\/\/www.radiomarket.fi\/en\/wp-json\/wp\/v2\/types\/product"}],"wp:featuredmedia":[{"embeddable":true,"href":"https:\/\/www.radiomarket.fi\/en\/wp-json\/wp\/v2\/media\/25439"}],"wp:attachment":[{"href":"https:\/\/www.radiomarket.fi\/en\/wp-json\/wp\/v2\/media?parent=21055"}],"curies":[{"name":"wp","href":"https:\/\/api.w.org\/{rel}","templated":true}]}}