{"id":21092,"date":"2020-10-05T11:17:11","date_gmt":"2020-10-05T08:17:11","guid":{"rendered":"https:\/\/www.radiomarket.fi\/tuote\/ekua9454-nordmende-stereo-steuergerat-3007\/"},"modified":"2023-01-12T22:01:41","modified_gmt":"2023-01-12T20:01:41","slug":"ekua9454-nordmende-stereo-steuergerat-3007","status":"publish","type":"product","link":"https:\/\/www.radiomarket.fi\/en\/kohde\/ekua9454-nordmende-stereo-steuergerat-3007\/","title":{"rendered":"EKUA9454 Nordmende Stereo-Steuerger\u00e4t 3007 (EKUS)"},"content":{"rendered":"<p>Kuvausta ei saatavilla.<\/p>","protected":false},"excerpt":{"rendered":"<p>Suosittelemme asteikkolaseille s\u00e4rkyv\u00e4-lis\u00e4palvelua (ostettavissa tuotteena)<\/p>","protected":false},"featured_media":11479,"template":"","meta":[],"_links":{"self":[{"href":"https:\/\/www.radiomarket.fi\/en\/wp-json\/wp\/v2\/product\/21092"}],"collection":[{"href":"https:\/\/www.radiomarket.fi\/en\/wp-json\/wp\/v2\/product"}],"about":[{"href":"https:\/\/www.radiomarket.fi\/en\/wp-json\/wp\/v2\/types\/product"}],"wp:featuredmedia":[{"embeddable":true,"href":"https:\/\/www.radiomarket.fi\/en\/wp-json\/wp\/v2\/media\/11479"}],"wp:attachment":[{"href":"https:\/\/www.radiomarket.fi\/en\/wp-json\/wp\/v2\/media?parent=21092"}],"curies":[{"name":"wp","href":"https:\/\/api.w.org\/{rel}","templated":true}]}}