{"id":21093,"date":"2020-10-05T11:17:12","date_gmt":"2020-10-05T08:17:12","guid":{"rendered":"https:\/\/www.radiomarket.fi\/tuote\/ekua9453-philips-asteikkolasi\/"},"modified":"2023-01-12T22:03:02","modified_gmt":"2023-01-12T20:03:02","slug":"ekua9453-philips-asteikkolasi","status":"publish","type":"product","link":"https:\/\/www.radiomarket.fi\/en\/kohde\/ekua9453-philips-asteikkolasi\/","title":{"rendered":"EKUA9453 Philips Asteikkolasi (EKUS)"},"content":{"rendered":"<p>Todenn\u00e4k\u00f6isesti 5-nappiseen<\/p>","protected":false},"excerpt":{"rendered":"<p>Suosittelemme asteikkolaseille s\u00e4rkyv\u00e4-lis\u00e4palvelua (ostettavissa tuotteena)<\/p>","protected":false},"featured_media":11478,"template":"","meta":[],"_links":{"self":[{"href":"https:\/\/www.radiomarket.fi\/en\/wp-json\/wp\/v2\/product\/21093"}],"collection":[{"href":"https:\/\/www.radiomarket.fi\/en\/wp-json\/wp\/v2\/product"}],"about":[{"href":"https:\/\/www.radiomarket.fi\/en\/wp-json\/wp\/v2\/types\/product"}],"wp:featuredmedia":[{"embeddable":true,"href":"https:\/\/www.radiomarket.fi\/en\/wp-json\/wp\/v2\/media\/11478"}],"wp:attachment":[{"href":"https:\/\/www.radiomarket.fi\/en\/wp-json\/wp\/v2\/media?parent=21093"}],"curies":[{"name":"wp","href":"https:\/\/api.w.org\/{rel}","templated":true}]}}