{"id":21097,"date":"2024-05-30T11:17:14","date_gmt":"2024-05-30T08:17:14","guid":{"rendered":"https:\/\/www.radiomarket.fi\/tuote\/ekua9449-tuntematon-puhelinten-osia\/"},"modified":"2026-03-11T15:32:12","modified_gmt":"2026-03-11T13:32:12","slug":"ekua9449-tuntematon-puhelinten-osia","status":"publish","type":"product","link":"https:\/\/www.radiomarket.fi\/en\/kohde\/ekua9449-tuntematon-puhelinten-osia\/","title":{"rendered":"EKUA9449 Puhelinten osia (EKUS)"},"content":{"rendered":"<p>J\u00e4ljell\u00e4 olevat osat editoitu kahteen ensimm\u00e4iseen kuvaan, poikkeuksena ensimm\u00e4isen kuvan luureista alempi myyty.<br \/><br \/><strong>Kuva 1:<\/strong> yksi luuri<strong><br \/><br \/>Kuva 2:<\/strong><br \/>3. Kuuloke(?), sis\u00e4osa heiluu irrallaan. <strong>MYYTY<\/strong><br \/>4. Vaikuttaa kokonaiselta. <strong>MYYTY<\/strong><br \/>5. Ilmeisesti itse tehty teline, jossa k\u00e4ytetty puhelimen osia. Jalkaosa t\u00e4ytetty raskaalla metallilla. <strong>MYYTY<\/strong> (ei poistettu kuvasta)<br \/>6. Ravistettaessa helisee voimakkaasti. Kansiosaa yritetty v\u00e4\u00e4nt\u00e4\u00e4 auki. <strong>MYYTY<\/strong><br \/>7. Osa v\u00e4\u00e4ntynyt, kuuluu ilmeisesti yhteen osan 8 kanssa jonka kanssa sidottu yhteen.<br \/>8. Varsi v\u00e4\u00e4ntynyt. Ei kapselia eik\u00e4 kapselin suojusta.<br \/><br \/><strong>J\u00e4ljell\u00e4 olevissa kuvissa n\u00e4kyy alunperin setiss\u00e4 olleet kaikki osat (myydyt mukana):<\/strong><br \/><br \/><strong>Kuva 1:<\/strong> <br \/>-puhelimen luuri (mustaksi maalattua metallia, punosjohto) <strong>(myyty)<\/strong><br \/>-puhelimen luuri (mustaa bakeliittia ja metallia) <br \/>-puhelimen luuri (ruskeaa bakeliittia ja metallia) <strong>(myyty)<\/strong><br \/>-puhelimen luuri (ruskeaa bakeliittia ja metallia)\u00a0 <strong>(myyty)<\/strong><br \/><br \/><strong>Kuva 2 (n\u00e4ist\u00e4 osa myyty, j\u00e4ljell\u00e4 olevat editoitu tuotekuvaan):<\/strong> <br \/>-puhelimen kahva (ruskeaa bakeliittia ja metallia) <br \/>-puhelimen kahva (metallia) <br \/>-puhelimen kahva (metallia) <br \/>-kaksi metallista puhelimen luurin osaa <br \/>-kaksi puhelimen luurin osaa (mustaa bakeliittia ja metallia) <br \/>-nelj\u00e4 metallista Ericssonin puhelimen luurin osaa <br \/><br \/><strong>Kuva 3 (kaikki myyty):<\/strong> <br \/>-seitsem\u00e4n puhelimen luurin pidikett\u00e4.<\/p>","protected":false},"excerpt":{"rendered":"<p>J\u00e4ljell\u00e4 olevat osat editoitu kahteen ensimm\u00e4iseen kuvaan, poikkeuksena ensimm\u00e4isen kuvan luureista alempi myyty.Kuva 1: yksi luuriKuva 2:3. Kuuloke(?), sis\u00e4osa heiluu irrallaan. MYYTY4. Vaikuttaa kokonaiselta. MYYTY5. Ilmeisesti itse tehty teline, jossa k\u00e4ytetty puhelimen osia. Jalkaosa t\u00e4ytetty raskaalla metallilla. MYYTY (ei poistettu kuvasta)6. Ravistettaessa helisee voimakkaasti. Kansiosaa yritetty v\u00e4\u00e4nt\u00e4\u00e4 auki. MYYTY7. Osa v\u00e4\u00e4ntynyt, kuuluu ilmeisesti yhteen osan &hellip;<\/p>\n<p class=\"read-more\"> <a class=\"thunk-readmore button\" href=\"https:\/\/www.radiomarket.fi\/en\/kohde\/ekua9449-tuntematon-puhelinten-osia\/\"> <span class=\"screen-reader-text\">EKUA9449 Puhelinten osia (EKUS)<\/span>Read More<\/a><\/p>","protected":false},"featured_media":30183,"template":"","meta":[],"_links":{"self":[{"href":"https:\/\/www.radiomarket.fi\/en\/wp-json\/wp\/v2\/product\/21097"}],"collection":[{"href":"https:\/\/www.radiomarket.fi\/en\/wp-json\/wp\/v2\/product"}],"about":[{"href":"https:\/\/www.radiomarket.fi\/en\/wp-json\/wp\/v2\/types\/product"}],"wp:featuredmedia":[{"embeddable":true,"href":"https:\/\/www.radiomarket.fi\/en\/wp-json\/wp\/v2\/media\/30183"}],"wp:attachment":[{"href":"https:\/\/www.radiomarket.fi\/en\/wp-json\/wp\/v2\/media?parent=21097"}],"curies":[{"name":"wp","href":"https:\/\/api.w.org\/{rel}","templated":true}]}}