{"id":21104,"date":"2025-09-20T12:57:16","date_gmt":"2025-09-20T09:57:16","guid":{"rendered":"https:\/\/www.radiomarket.fi\/tuote\/ekua9444-pioneer-pd-6030\/"},"modified":"2025-09-20T15:53:06","modified_gmt":"2025-09-20T12:53:06","slug":"ekua9444-pioneer-pd-6030","status":"publish","type":"product","link":"https:\/\/www.radiomarket.fi\/en\/kohde\/ekua9444-pioneer-pd-6030\/","title":{"rendered":"EKUA9444 Pioneer PD-6030 (EKUS)"},"content":{"rendered":"<p>Ei kaukos\u00e4\u00e4dint\u00e4. Virta tulee, kelkka avautuu. Testattu 8\/2025.<br \/><br \/>Ei tutkittu tarkemmin.\u00a0<\/p>","protected":false},"excerpt":{"rendered":"<p>Ei kaukos\u00e4\u00e4dint\u00e4. Virta tulee, kelkka avautuu. Testattu 8\/2025.Ei tutkittu tarkemmin.\u00a0<\/p>","protected":false},"featured_media":11466,"template":"","meta":[],"_links":{"self":[{"href":"https:\/\/www.radiomarket.fi\/en\/wp-json\/wp\/v2\/product\/21104"}],"collection":[{"href":"https:\/\/www.radiomarket.fi\/en\/wp-json\/wp\/v2\/product"}],"about":[{"href":"https:\/\/www.radiomarket.fi\/en\/wp-json\/wp\/v2\/types\/product"}],"wp:featuredmedia":[{"embeddable":true,"href":"https:\/\/www.radiomarket.fi\/en\/wp-json\/wp\/v2\/media\/11466"}],"wp:attachment":[{"href":"https:\/\/www.radiomarket.fi\/en\/wp-json\/wp\/v2\/media?parent=21104"}],"curies":[{"name":"wp","href":"https:\/\/api.w.org\/{rel}","templated":true}]}}