{"id":21108,"date":"2020-10-05T11:17:18","date_gmt":"2020-10-05T08:17:18","guid":{"rendered":"https:\/\/www.radiomarket.fi\/tuote\/ekua9440-lumalampan-gl5b\/"},"modified":"2022-05-03T14:39:47","modified_gmt":"2022-05-03T11:39:47","slug":"ekua9440-lumalampan-gl5b","status":"publish","type":"product","link":"https:\/\/www.radiomarket.fi\/en\/kohde\/ekua9440-lumalampan-gl5b\/","title":{"rendered":"EKUA9440 Lumalampan GL5B (EKUS)"},"content":{"rendered":"<p>Hohtolampuissa ei ole merkint\u00f6j\u00e4. Lamppujen suojakotelossa lukee Glim Lampor Luma. Pieness\u00e4 pahvisessa pahvilaatikossa on kahdeksan kappaletta hohtolamppuja, myyd\u00e4\u00e4n kappaleittain. Itse s\u00e4ilytysrasia on punainen, jossa on valkeaa teksti\u00e4. Hohtolamppu (tunnetaan my\u00f6s nimell\u00e4 glim- tai glimm-lamppu) on kaasupurkauslamppuihin kuuluva lampputyyppi, jota k\u00e4ytet\u00e4\u00e4n merkkivalona. Hohtolamppua k\u00e4ytet\u00e4\u00e4n merkkivalona ja joissain tapauksissa ylij\u00e4nnitesuojana. Vanhemmassa elektroniikassa hohtolamppua on k\u00e4ytetty tasaamaan pienivirtaisten piirien j\u00e4nnitett\u00e4. Hohtolampulla voidaan my\u00f6s selvitt\u00e4\u00e4 s\u00e4hk\u00f6isesti varautuneen kappaleen varauksen laji koskettamalla kappaletta hohtolampulla. Kappaleen varauksen ollessa negatiivinen, lampussa v\u00e4l\u00e4ht\u00e4\u00e4 valo kappaleen puoleisessa kohtiossa. Jos taas kappaleen varaus on positiivinen v\u00e4l\u00e4ht\u00e4\u00e4 valo kappaleeseen n\u00e4hden vastakkaisessa kohtiossa.(http:\/\/fi.wikipedia.org\/wiki\/Hohtolamppu, viitattu 20.6.2012).<\/p>","protected":false},"excerpt":{"rendered":"<p>Hohtolampuissa ei ole merkint\u00f6j\u00e4. Lamppujen suojakotelossa lukee Glim Lampor Luma. Pieness\u00e4 pahvisessa pahvilaatikossa on kahdeksan kappaletta hohtolamppuja, myyd\u00e4\u00e4n kappaleittain. Itse s\u00e4ilytysrasia on punainen, jossa on valkeaa teksti\u00e4. Hohtolamppu (tunnetaan my\u00f6s nimell\u00e4 glim- tai glimm-lamppu) on kaasupurkauslamppuihin kuuluva lampputyyppi, jota k\u00e4ytet\u00e4\u00e4n merkkivalona. Hohtolamppua k\u00e4ytet\u00e4\u00e4n merkkivalona ja joissain tapauksissa ylij\u00e4nnitesuojana. Vanhemmassa elektroniikassa hohtolamppua on k\u00e4ytetty tasaamaan pienivirtaisten &hellip;<\/p>\n<p class=\"read-more\"> <a class=\"thunk-readmore button\" href=\"https:\/\/www.radiomarket.fi\/en\/kohde\/ekua9440-lumalampan-gl5b\/\"> <span class=\"screen-reader-text\">EKUA9440 Lumalampan GL5B (EKUS)<\/span>Read More<\/a><\/p>","protected":false},"featured_media":11462,"template":"","meta":[],"_links":{"self":[{"href":"https:\/\/www.radiomarket.fi\/en\/wp-json\/wp\/v2\/product\/21108"}],"collection":[{"href":"https:\/\/www.radiomarket.fi\/en\/wp-json\/wp\/v2\/product"}],"about":[{"href":"https:\/\/www.radiomarket.fi\/en\/wp-json\/wp\/v2\/types\/product"}],"wp:featuredmedia":[{"embeddable":true,"href":"https:\/\/www.radiomarket.fi\/en\/wp-json\/wp\/v2\/media\/11462"}],"wp:attachment":[{"href":"https:\/\/www.radiomarket.fi\/en\/wp-json\/wp\/v2\/media?parent=21108"}],"curies":[{"name":"wp","href":"https:\/\/api.w.org\/{rel}","templated":true}]}}