{"id":21111,"date":"2020-10-05T11:17:19","date_gmt":"2020-10-05T08:17:19","guid":{"rendered":"https:\/\/www.radiomarket.fi\/tuote\/ekua9438-helvar-mignon-minuetto\/"},"modified":"2023-12-02T16:01:11","modified_gmt":"2023-12-02T14:01:11","slug":"ekua9438-helvar-mignon-minuetto","status":"publish","type":"product","link":"https:\/\/www.radiomarket.fi\/en\/kohde\/ekua9438-helvar-mignon-minuetto\/","title":{"rendered":"EKUA9438 Helvar Mignon Minuetto"},"content":{"rendered":"<p>Nupit irrallaan mukana pussissa, lasi myyty, j\u00e4ljell\u00e4 p\u00e4\u00e4tykaiutinritil\u00e4t, maski, Helvar-merkki, levysoitin ym.\u00a0<\/p>","protected":false},"excerpt":{"rendered":"<p>Nupit irrallaan mukana pussissa, lasi myyty, j\u00e4ljell\u00e4 p\u00e4\u00e4tykaiutinritil\u00e4t, maski, Helvar-merkki, levysoitin ym.\u00a0<\/p>","protected":false},"featured_media":11454,"template":"","meta":[],"_links":{"self":[{"href":"https:\/\/www.radiomarket.fi\/en\/wp-json\/wp\/v2\/product\/21111"}],"collection":[{"href":"https:\/\/www.radiomarket.fi\/en\/wp-json\/wp\/v2\/product"}],"about":[{"href":"https:\/\/www.radiomarket.fi\/en\/wp-json\/wp\/v2\/types\/product"}],"wp:featuredmedia":[{"embeddable":true,"href":"https:\/\/www.radiomarket.fi\/en\/wp-json\/wp\/v2\/media\/11454"}],"wp:attachment":[{"href":"https:\/\/www.radiomarket.fi\/en\/wp-json\/wp\/v2\/media?parent=21111"}],"curies":[{"name":"wp","href":"https:\/\/api.w.org\/{rel}","templated":true}]}}