{"id":21112,"date":"2025-12-16T11:17:20","date_gmt":"2025-12-16T09:17:20","guid":{"rendered":"https:\/\/www.radiomarket.fi\/tuote\/ekua9437-toga-v6-uf\/"},"modified":"2025-12-16T11:40:15","modified_gmt":"2025-12-16T09:40:15","slug":"ekua9437-toga-v6-uf","status":"publish","type":"product","link":"https:\/\/www.radiomarket.fi\/en\/kohde\/ekua9437-toga-v6-uf\/","title":{"rendered":"EKUA9437 Toga V6 UF puretaan (EKUM)"},"content":{"rendered":"<p>Kansi puuttuu, \u00e4\u00e4nivarsi lohjennut, liimattavissa. Ei \u00e4\u00e4nirasiaa. Kuvien oton j\u00e4lkeen purettu \u00e4\u00e4nivarren tukiosa jousineen. Ei tutkittu tarkemmin.<\/p>","protected":false},"excerpt":{"rendered":"<p>Kansi puuttuu, \u00e4\u00e4nivarsi lohjennut, liimattavissa. Ei \u00e4\u00e4nirasiaa. Kuvien oton j\u00e4lkeen purettu \u00e4\u00e4nivarren tukiosa jousineen. Ei tutkittu tarkemmin.<\/p>","protected":false},"featured_media":11452,"template":"","meta":[],"_links":{"self":[{"href":"https:\/\/www.radiomarket.fi\/en\/wp-json\/wp\/v2\/product\/21112"}],"collection":[{"href":"https:\/\/www.radiomarket.fi\/en\/wp-json\/wp\/v2\/product"}],"about":[{"href":"https:\/\/www.radiomarket.fi\/en\/wp-json\/wp\/v2\/types\/product"}],"wp:featuredmedia":[{"embeddable":true,"href":"https:\/\/www.radiomarket.fi\/en\/wp-json\/wp\/v2\/media\/11452"}],"wp:attachment":[{"href":"https:\/\/www.radiomarket.fi\/en\/wp-json\/wp\/v2\/media?parent=21112"}],"curies":[{"name":"wp","href":"https:\/\/api.w.org\/{rel}","templated":true}]}}