{"id":21113,"date":"2020-10-05T11:17:20","date_gmt":"2020-10-05T08:17:20","guid":{"rendered":"https:\/\/www.radiomarket.fi\/tuote\/ekua9436-cosmos-levysoitin\/"},"modified":"2022-11-23T12:08:45","modified_gmt":"2022-11-23T10:08:45","slug":"ekua9436-cosmos-levysoitin","status":"publish","type":"product","link":"https:\/\/www.radiomarket.fi\/en\/kohde\/ekua9436-cosmos-levysoitin\/","title":{"rendered":"EKUA9436 Cosmos Levysoitin"},"content":{"rendered":"<p>\u00c4\u00e4nivarsi poikki, puuosassa kosteusvikaa. Katso my\u00f6s EKUA0002.<\/p>","protected":false},"excerpt":{"rendered":"<p>\u00c4\u00e4nivarsi poikki, puuosassa kosteusvikaa. Katso my\u00f6s EKUA0002.<\/p>","protected":false},"featured_media":11450,"template":"","meta":[],"_links":{"self":[{"href":"https:\/\/www.radiomarket.fi\/en\/wp-json\/wp\/v2\/product\/21113"}],"collection":[{"href":"https:\/\/www.radiomarket.fi\/en\/wp-json\/wp\/v2\/product"}],"about":[{"href":"https:\/\/www.radiomarket.fi\/en\/wp-json\/wp\/v2\/types\/product"}],"wp:featuredmedia":[{"embeddable":true,"href":"https:\/\/www.radiomarket.fi\/en\/wp-json\/wp\/v2\/media\/11450"}],"wp:attachment":[{"href":"https:\/\/www.radiomarket.fi\/en\/wp-json\/wp\/v2\/media?parent=21113"}],"curies":[{"name":"wp","href":"https:\/\/api.w.org\/{rel}","templated":true}]}}