{"id":21118,"date":"2020-10-05T11:17:24","date_gmt":"2020-10-05T08:17:24","guid":{"rendered":"https:\/\/www.radiomarket.fi\/tuote\/ekua9431-philips-putkiradio\/"},"modified":"2022-11-22T15:02:27","modified_gmt":"2022-11-22T13:02:27","slug":"ekua9431-philips-putkiradio","status":"publish","type":"product","link":"https:\/\/www.radiomarket.fi\/en\/kohde\/ekua9431-philips-putkiradio\/","title":{"rendered":"EKUA9431 Philips 768U-40 (EKUM)"},"content":{"rendered":"<p>Ei takakantta. Ei putkia. Muitakin osia saattaa olla purettu.<\/p><p>Myyd\u00e4\u00e4n kokonaisena tai osina.<br \/><br \/>Tilaa tarvitsemasi osat s\u00e4hk\u00f6postilla.<\/p>","protected":false},"excerpt":{"rendered":"<p>Ei takakantta. Ei putkia. Muitakin osia saattaa olla purettu.Myyd\u00e4\u00e4n kokonaisena tai osina.Tilaa tarvitsemasi osat s\u00e4hk\u00f6postilla.<\/p>","protected":false},"featured_media":11435,"template":"","meta":[],"_links":{"self":[{"href":"https:\/\/www.radiomarket.fi\/en\/wp-json\/wp\/v2\/product\/21118"}],"collection":[{"href":"https:\/\/www.radiomarket.fi\/en\/wp-json\/wp\/v2\/product"}],"about":[{"href":"https:\/\/www.radiomarket.fi\/en\/wp-json\/wp\/v2\/types\/product"}],"wp:featuredmedia":[{"embeddable":true,"href":"https:\/\/www.radiomarket.fi\/en\/wp-json\/wp\/v2\/media\/11435"}],"wp:attachment":[{"href":"https:\/\/www.radiomarket.fi\/en\/wp-json\/wp\/v2\/media?parent=21118"}],"curies":[{"name":"wp","href":"https:\/\/api.w.org\/{rel}","templated":true}]}}