{"id":21119,"date":"2020-10-05T11:17:24","date_gmt":"2020-10-05T08:17:24","guid":{"rendered":"https:\/\/www.radiomarket.fi\/tuote\/ekua9430-telefunken-putkiradio\/"},"modified":"2022-01-29T15:42:51","modified_gmt":"2022-01-29T13:42:51","slug":"ekua9430-telefunken-putkiradio","status":"publish","type":"product","link":"https:\/\/www.radiomarket.fi\/en\/kohde\/ekua9430-telefunken-putkiradio\/","title":{"rendered":"EKUA9430 Telefunken Super 166 WK (EKUM)"},"content":{"rendered":"<p>Voidaan myyd\u00e4 osina tai kokonaisena. Tiedustele s\u00e4hk\u00f6postilla tarvitsemiasi varaosia. Tuotteen hinta on t\u00e4st\u00e4 saatavien varaosien arvioitu kokonaishinta.\u00a0<br \/><br \/><strong>Ainakin seuraavat osat rikki, puuttuvat tai poistettu:<\/strong><br \/>-ei takakantta<br \/>-ei putkia<br \/><br \/>Muitakin osia saattaa olla purettu. Ei tutkittu tarkemmin. Varmistathan tietojen oikeellisuuden myyj\u00e4lt\u00e4.<\/p>","protected":false},"excerpt":{"rendered":"<p>Voidaan myyd\u00e4 osina tai kokonaisena. Tiedustele s\u00e4hk\u00f6postilla tarvitsemiasi varaosia. Tuotteen hinta on t\u00e4st\u00e4 saatavien varaosien arvioitu kokonaishinta.\u00a0Ainakin seuraavat osat rikki, puuttuvat tai poistettu:-ei takakantta-ei putkiaMuitakin osia saattaa olla purettu. Ei tutkittu tarkemmin. Varmistathan tietojen oikeellisuuden myyj\u00e4lt\u00e4.<\/p>","protected":false},"featured_media":11431,"template":"","meta":[],"_links":{"self":[{"href":"https:\/\/www.radiomarket.fi\/en\/wp-json\/wp\/v2\/product\/21119"}],"collection":[{"href":"https:\/\/www.radiomarket.fi\/en\/wp-json\/wp\/v2\/product"}],"about":[{"href":"https:\/\/www.radiomarket.fi\/en\/wp-json\/wp\/v2\/types\/product"}],"wp:featuredmedia":[{"embeddable":true,"href":"https:\/\/www.radiomarket.fi\/en\/wp-json\/wp\/v2\/media\/11431"}],"wp:attachment":[{"href":"https:\/\/www.radiomarket.fi\/en\/wp-json\/wp\/v2\/media?parent=21119"}],"curies":[{"name":"wp","href":"https:\/\/api.w.org\/{rel}","templated":true}]}}