{"id":21121,"date":"2020-10-05T11:17:25","date_gmt":"2020-10-05T08:17:25","guid":{"rendered":"https:\/\/www.radiomarket.fi\/tuote\/ekua9426-tuntematon-antenninaru\/"},"modified":"2023-08-15T16:18:35","modified_gmt":"2023-08-15T13:18:35","slug":"ekua9426-venalainen-antennilanka","status":"publish","type":"product","link":"https:\/\/www.radiomarket.fi\/en\/kohde\/ekua9426-venalainen-antennilanka\/","title":{"rendered":"EKUA9426 ven\u00e4l\u00e4inen antennilankakela (EKUB)"},"content":{"rendered":"<p>Rulla ven\u00e4l\u00e4ist\u00e4 antennilankaa metallikelalla<\/p>","protected":false},"excerpt":{"rendered":"<p>Rulla ven\u00e4l\u00e4ist\u00e4 antennilankaa metallikelalla<\/p>","protected":false},"featured_media":11428,"template":"","meta":[],"_links":{"self":[{"href":"https:\/\/www.radiomarket.fi\/en\/wp-json\/wp\/v2\/product\/21121"}],"collection":[{"href":"https:\/\/www.radiomarket.fi\/en\/wp-json\/wp\/v2\/product"}],"about":[{"href":"https:\/\/www.radiomarket.fi\/en\/wp-json\/wp\/v2\/types\/product"}],"wp:featuredmedia":[{"embeddable":true,"href":"https:\/\/www.radiomarket.fi\/en\/wp-json\/wp\/v2\/media\/11428"}],"wp:attachment":[{"href":"https:\/\/www.radiomarket.fi\/en\/wp-json\/wp\/v2\/media?parent=21121"}],"curies":[{"name":"wp","href":"https:\/\/api.w.org\/{rel}","templated":true}]}}