{"id":21130,"date":"2020-10-05T11:17:30","date_gmt":"2020-10-05T08:17:30","guid":{"rendered":"https:\/\/www.radiomarket.fi\/tuote\/ekua9415-black-box-rs-232-cl-e\/"},"modified":"2022-11-09T12:49:56","modified_gmt":"2022-11-09T10:49:56","slug":"ekua9415-black-box-rs-232-cl-e","status":"publish","type":"product","link":"https:\/\/www.radiomarket.fi\/en\/kohde\/ekua9415-black-box-rs-232-cl-e\/","title":{"rendered":"EKUA9415 Black Box RS-232\/CL-E virtasilmukkaliit\u00e4nt\u00e4muunnin"},"content":{"rendered":"<p>Alkuper\u00e4isess\u00e4 paketissaan, k\u00e4ytt\u00f6ohje ja muuntaja mukana.<\/p>","protected":false},"excerpt":{"rendered":"<p>Alkuper\u00e4isess\u00e4 paketissaan, k\u00e4ytt\u00f6ohje ja muuntaja mukana.<\/p>","protected":false},"featured_media":11403,"template":"","meta":[],"_links":{"self":[{"href":"https:\/\/www.radiomarket.fi\/en\/wp-json\/wp\/v2\/product\/21130"}],"collection":[{"href":"https:\/\/www.radiomarket.fi\/en\/wp-json\/wp\/v2\/product"}],"about":[{"href":"https:\/\/www.radiomarket.fi\/en\/wp-json\/wp\/v2\/types\/product"}],"wp:featuredmedia":[{"embeddable":true,"href":"https:\/\/www.radiomarket.fi\/en\/wp-json\/wp\/v2\/media\/11403"}],"wp:attachment":[{"href":"https:\/\/www.radiomarket.fi\/en\/wp-json\/wp\/v2\/media?parent=21130"}],"curies":[{"name":"wp","href":"https:\/\/api.w.org\/{rel}","templated":true}]}}