{"id":21132,"date":"2020-10-05T11:17:31","date_gmt":"2020-10-05T08:17:31","guid":{"rendered":"https:\/\/www.radiomarket.fi\/tuote\/ekua9411-jvc-rc-w40\/"},"modified":"2022-11-30T19:20:12","modified_gmt":"2022-11-30T17:20:12","slug":"ekua9411-jvc-rc-w40","status":"publish","type":"product","link":"https:\/\/www.radiomarket.fi\/en\/kohde\/ekua9411-jvc-rc-w40\/","title":{"rendered":"EKUA9411 JVC RC-W40"},"content":{"rendered":"<p>JVC:n musta kasettinauhuri\/stereo\/radio yhdistelm\u00e4 kaiuttimineen. Ulkoisesti hyv\u00e4, paitsi Play-painike puuttuu. Molemmat kasettipes\u00e4t toistavat, mutta nauhan toistonopeuksissa on huollon tarvetta. Kaikki aaltoalueet toimivat. Myyd\u00e4\u00e4n kokonaisena tai osina.<\/p>","protected":false},"excerpt":{"rendered":"<p>JVC:n musta kasettinauhuri\/stereo\/radio yhdistelm\u00e4 kaiuttimineen. Ulkoisesti hyv\u00e4, paitsi Play-painike puuttuu. Molemmat kasettipes\u00e4t toistavat, mutta nauhan toistonopeuksissa on huollon tarvetta. Kaikki aaltoalueet toimivat. Myyd\u00e4\u00e4n kokonaisena tai osina.<\/p>","protected":false},"featured_media":11394,"template":"","meta":[],"_links":{"self":[{"href":"https:\/\/www.radiomarket.fi\/en\/wp-json\/wp\/v2\/product\/21132"}],"collection":[{"href":"https:\/\/www.radiomarket.fi\/en\/wp-json\/wp\/v2\/product"}],"about":[{"href":"https:\/\/www.radiomarket.fi\/en\/wp-json\/wp\/v2\/types\/product"}],"wp:featuredmedia":[{"embeddable":true,"href":"https:\/\/www.radiomarket.fi\/en\/wp-json\/wp\/v2\/media\/11394"}],"wp:attachment":[{"href":"https:\/\/www.radiomarket.fi\/en\/wp-json\/wp\/v2\/media?parent=21132"}],"curies":[{"name":"wp","href":"https:\/\/api.w.org\/{rel}","templated":true}]}}