{"id":21135,"date":"2020-10-05T11:17:32","date_gmt":"2020-10-05T08:17:32","guid":{"rendered":"https:\/\/www.radiomarket.fi\/tuote\/ekua9408-omavalmiste-saatomuuntaja\/"},"modified":"2020-12-16T16:36:07","modified_gmt":"2020-12-16T14:36:07","slug":"ekua9408-omavalmiste-saatomuuntaja","status":"publish","type":"product","link":"https:\/\/www.radiomarket.fi\/en\/kohde\/ekua9408-omavalmiste-saatomuuntaja\/","title":{"rendered":"EKUA9408 Omavalmiste S\u00e4\u00e4t\u00f6muuntaja"},"content":{"rendered":"Sini-metallikuorinen mittalaite, jonka edess\u00e4 liit\u00e4nn\u00e4t, s\u00e4\u00e4t\u00f6nupit sek\u00e4 asteikko. Vaikuttaisi olevan omavalmiste?","protected":false},"excerpt":{"rendered":"<p>Sini-metallikuorinen mittalaite, jonka edess\u00e4 liit\u00e4nn\u00e4t, s\u00e4\u00e4t\u00f6nupit sek\u00e4 asteikko. Vaikuttaisi olevan omavalmiste?<\/p>","protected":false},"featured_media":11389,"template":"","meta":[],"_links":{"self":[{"href":"https:\/\/www.radiomarket.fi\/en\/wp-json\/wp\/v2\/product\/21135"}],"collection":[{"href":"https:\/\/www.radiomarket.fi\/en\/wp-json\/wp\/v2\/product"}],"about":[{"href":"https:\/\/www.radiomarket.fi\/en\/wp-json\/wp\/v2\/types\/product"}],"wp:featuredmedia":[{"embeddable":true,"href":"https:\/\/www.radiomarket.fi\/en\/wp-json\/wp\/v2\/media\/11389"}],"wp:attachment":[{"href":"https:\/\/www.radiomarket.fi\/en\/wp-json\/wp\/v2\/media?parent=21135"}],"curies":[{"name":"wp","href":"https:\/\/api.w.org\/{rel}","templated":true}]}}