{"id":21145,"date":"2020-10-05T11:17:37","date_gmt":"2020-10-05T08:17:37","guid":{"rendered":"https:\/\/www.radiomarket.fi\/tuote\/ekua9390-uniton-aw70\/"},"modified":"2021-09-21T01:49:17","modified_gmt":"2021-09-20T22:49:17","slug":"ekua9390-uniton-aw70","status":"publish","type":"product","link":"https:\/\/www.radiomarket.fi\/en\/kohde\/ekua9390-uniton-aw70\/","title":{"rendered":"EKUA9390 Uniton AW70 (EKUS)"},"content":{"rendered":"<p>Tuntematon itsetehty laite, jossa paljon liit\u00e4nt\u00f6j\u00e4, s\u00e4\u00e4t\u00f6nuppeja ja kaiutinritil\u00e4<\/p>","protected":false},"excerpt":{"rendered":"<p>Tuntematon itsetehty laite, jossa paljon liit\u00e4nt\u00f6j\u00e4, s\u00e4\u00e4t\u00f6nuppeja ja kaiutinritil\u00e4<\/p>","protected":false},"featured_media":11347,"template":"","meta":[],"_links":{"self":[{"href":"https:\/\/www.radiomarket.fi\/en\/wp-json\/wp\/v2\/product\/21145"}],"collection":[{"href":"https:\/\/www.radiomarket.fi\/en\/wp-json\/wp\/v2\/product"}],"about":[{"href":"https:\/\/www.radiomarket.fi\/en\/wp-json\/wp\/v2\/types\/product"}],"wp:featuredmedia":[{"embeddable":true,"href":"https:\/\/www.radiomarket.fi\/en\/wp-json\/wp\/v2\/media\/11347"}],"wp:attachment":[{"href":"https:\/\/www.radiomarket.fi\/en\/wp-json\/wp\/v2\/media?parent=21145"}],"curies":[{"name":"wp","href":"https:\/\/api.w.org\/{rel}","templated":true}]}}