{"id":21150,"date":"2020-10-05T11:17:40","date_gmt":"2020-10-05T08:17:40","guid":{"rendered":"https:\/\/www.radiomarket.fi\/tuote\/ekua9384-tuntematon-em-071458-101-111-nordexport\/"},"modified":"2023-01-12T21:44:30","modified_gmt":"2023-01-12T19:44:30","slug":"ekua9384-tuntematon-em-071458-101-111-nordexport","status":"publish","type":"product","link":"https:\/\/www.radiomarket.fi\/en\/kohde\/ekua9384-tuntematon-em-071458-101-111-nordexport\/","title":{"rendered":"EKUA9384 Tuntematon EM 071458, 101\/111 Nordexport (EKUM)"},"content":{"rendered":"<p>Neli\u00f6m\u00e4inen asteikkolasi, jossa valkoista teksti\u00e4 mustalla pohjalla. Ulkomainen. Aavistuksen verran kulumaa, tekstit hyv\u00e4ss\u00e4 kunnossa<\/p>","protected":false},"excerpt":{"rendered":"<p>Neli\u00f6m\u00e4inen asteikkolasi, jossa valkoista teksti\u00e4 mustalla pohjalla. Ulkomainen. Aavistuksen verran kulumaa, tekstit hyv\u00e4ss\u00e4 kunnossa<\/p>","protected":false},"featured_media":3600,"template":"","meta":[],"_links":{"self":[{"href":"https:\/\/www.radiomarket.fi\/en\/wp-json\/wp\/v2\/product\/21150"}],"collection":[{"href":"https:\/\/www.radiomarket.fi\/en\/wp-json\/wp\/v2\/product"}],"about":[{"href":"https:\/\/www.radiomarket.fi\/en\/wp-json\/wp\/v2\/types\/product"}],"wp:featuredmedia":[{"embeddable":true,"href":"https:\/\/www.radiomarket.fi\/en\/wp-json\/wp\/v2\/media\/3600"}],"wp:attachment":[{"href":"https:\/\/www.radiomarket.fi\/en\/wp-json\/wp\/v2\/media?parent=21150"}],"curies":[{"name":"wp","href":"https:\/\/api.w.org\/{rel}","templated":true}]}}