{"id":21156,"date":"2020-10-05T11:17:42","date_gmt":"2020-10-05T08:17:42","guid":{"rendered":"https:\/\/www.radiomarket.fi\/tuote\/ekua9372-esselte-phone-mate-5000\/"},"modified":"2026-03-10T02:02:30","modified_gmt":"2026-03-10T00:02:30","slug":"ekua9372-esselte-phone-mate-5000","status":"publish","type":"product","link":"https:\/\/www.radiomarket.fi\/en\/kohde\/ekua9372-esselte-phone-mate-5000\/","title":{"rendered":"EKUA9372 Esselte Phone-Mate 5000 (EKUS)"},"content":{"rendered":"<p>Puhelinvastaaja, DC 14V, 350mA. Edess\u00e4 painikkeet &#8220;Viestit&#8221;, &#8220;s\u00e4\u00e4t\u00f6&#8221;, &#8220;henk koht&#8221; ja &#8220;on off&#8221;. Pinta hieman kellastunut. Kuvan kasetti ei sis\u00e4lly kauppaan.<\/p>","protected":false},"excerpt":{"rendered":"<p>Puhelinvastaaja, DC 14V, 350mA. Edess\u00e4 painikkeet &#8220;Viestit&#8221;, &#8220;s\u00e4\u00e4t\u00f6&#8221;, &#8220;henk koht&#8221; ja &#8220;on off&#8221;. Pinta hieman kellastunut. Kuvan kasetti ei sis\u00e4lly kauppaan.<\/p>","protected":false},"featured_media":11320,"template":"","meta":[],"_links":{"self":[{"href":"https:\/\/www.radiomarket.fi\/en\/wp-json\/wp\/v2\/product\/21156"}],"collection":[{"href":"https:\/\/www.radiomarket.fi\/en\/wp-json\/wp\/v2\/product"}],"about":[{"href":"https:\/\/www.radiomarket.fi\/en\/wp-json\/wp\/v2\/types\/product"}],"wp:featuredmedia":[{"embeddable":true,"href":"https:\/\/www.radiomarket.fi\/en\/wp-json\/wp\/v2\/media\/11320"}],"wp:attachment":[{"href":"https:\/\/www.radiomarket.fi\/en\/wp-json\/wp\/v2\/media?parent=21156"}],"curies":[{"name":"wp","href":"https:\/\/api.w.org\/{rel}","templated":true}]}}