{"id":21162,"date":"2020-10-05T11:17:44","date_gmt":"2020-10-05T08:17:44","guid":{"rendered":"https:\/\/www.radiomarket.fi\/tuote\/ekua9364-helvar-etupaneelilista\/"},"modified":"2023-09-29T16:20:59","modified_gmt":"2023-09-29T13:20:59","slug":"ekua9364-helvar-etupaneelilista","status":"publish","type":"product","link":"https:\/\/www.radiomarket.fi\/en\/kohde\/ekua9364-helvar-etupaneelilista\/","title":{"rendered":"EKUA9364 Helvar 200mm vasen etupaneelilista"},"content":{"rendered":"<p>Luunvalkoinen painon\u00e4pp\u00e4inten molemmin puolin oleva lista. T\u00e4m\u00e4 lista sopii vasemmalle puolelle. N\u00e4m\u00e4 ovat yleens\u00e4 kaikki lohjenneet tai alkavat lohkeamaan ruuvinrei&#8217;ist\u00e4. Ilmeisesti ruuvit on jo tehtaalla vedetty liian tiukkaan. Osat ovat k\u00e4ytettyj\u00e4 purkuradioista purettuja ja niiss\u00e4 saattaa olla hiushalkeamia mutta paloja ei puutu. Mik\u00e4li varastosaldo n\u00e4ytt\u00e4\u00e4 nollaa, voit etsi\u00e4 sopivaa osaa purkuradioistamme ja ehdottaa purkua.\u00a0<\/p><p><strong>Huom! T\u00e4m\u00e4 kappale on poikki mutta korjattavissa liimalla<\/strong><br \/><br \/><strong>Sopivuus ainakin seuraaviin malleihin:<\/strong><br \/><br \/>Ei tiedossa<br \/><br \/>Lis\u00e4\u00e4 vastaavia osia l\u00f6ytyy Radiomarketin tuotekategoriasta &#8220;listat&#8221;.<\/p><p>&nbsp;<\/p>","protected":false},"excerpt":{"rendered":"<p>Luunvalkoinen painon\u00e4pp\u00e4inten molemmin puolin oleva lista. T\u00e4m\u00e4 lista sopii vasemmalle puolelle. N\u00e4m\u00e4 ovat yleens\u00e4 kaikki lohjenneet tai alkavat lohkeamaan ruuvinrei&#8217;ist\u00e4. Ilmeisesti ruuvit on jo tehtaalla vedetty liian tiukkaan. Osat ovat k\u00e4ytettyj\u00e4 purkuradioista purettuja ja niiss\u00e4 saattaa olla hiushalkeamia mutta paloja ei puutu. Mik\u00e4li varastosaldo n\u00e4ytt\u00e4\u00e4 nollaa, voit etsi\u00e4 sopivaa osaa purkuradioistamme ja ehdottaa purkua.\u00a0Huom! T\u00e4m\u00e4 &hellip;<\/p>\n<p class=\"read-more\"> <a class=\"thunk-readmore button\" href=\"https:\/\/www.radiomarket.fi\/en\/kohde\/ekua9364-helvar-etupaneelilista\/\"> <span class=\"screen-reader-text\">EKUA9364 Helvar 200mm vasen etupaneelilista<\/span>Read More<\/a><\/p>","protected":false},"featured_media":11304,"template":"","meta":[],"_links":{"self":[{"href":"https:\/\/www.radiomarket.fi\/en\/wp-json\/wp\/v2\/product\/21162"}],"collection":[{"href":"https:\/\/www.radiomarket.fi\/en\/wp-json\/wp\/v2\/product"}],"about":[{"href":"https:\/\/www.radiomarket.fi\/en\/wp-json\/wp\/v2\/types\/product"}],"wp:featuredmedia":[{"embeddable":true,"href":"https:\/\/www.radiomarket.fi\/en\/wp-json\/wp\/v2\/media\/11304"}],"wp:attachment":[{"href":"https:\/\/www.radiomarket.fi\/en\/wp-json\/wp\/v2\/media?parent=21162"}],"curies":[{"name":"wp","href":"https:\/\/api.w.org\/{rel}","templated":true}]}}