{"id":21171,"date":"2020-10-05T11:17:47","date_gmt":"2020-10-05T08:17:47","guid":{"rendered":"https:\/\/www.radiomarket.fi\/tuote\/ekua9355-philips-ritila\/"},"modified":"2020-10-05T11:17:47","modified_gmt":"2020-10-05T08:17:47","slug":"ekua9355-philips-ritila","status":"publish","type":"product","link":"https:\/\/www.radiomarket.fi\/en\/kohde\/ekua9355-philips-ritila\/","title":{"rendered":"EKUA9355 Philips Ritil\u00e4"},"content":{"rendered":"Tummanruskea. Vaikuttaa Philipsilt\u00e4.","protected":false},"excerpt":{"rendered":"<p>Tummanruskea. Vaikuttaa Philipsilt\u00e4.<\/p>","protected":false},"featured_media":11294,"template":"","meta":[],"_links":{"self":[{"href":"https:\/\/www.radiomarket.fi\/en\/wp-json\/wp\/v2\/product\/21171"}],"collection":[{"href":"https:\/\/www.radiomarket.fi\/en\/wp-json\/wp\/v2\/product"}],"about":[{"href":"https:\/\/www.radiomarket.fi\/en\/wp-json\/wp\/v2\/types\/product"}],"wp:featuredmedia":[{"embeddable":true,"href":"https:\/\/www.radiomarket.fi\/en\/wp-json\/wp\/v2\/media\/11294"}],"wp:attachment":[{"href":"https:\/\/www.radiomarket.fi\/en\/wp-json\/wp\/v2\/media?parent=21171"}],"curies":[{"name":"wp","href":"https:\/\/api.w.org\/{rel}","templated":true}]}}