{"id":21173,"date":"2020-10-05T11:17:48","date_gmt":"2020-10-05T08:17:48","guid":{"rendered":"https:\/\/www.radiomarket.fi\/tuote\/ekua9353-tuntematon-ritila\/"},"modified":"2020-10-05T11:17:48","modified_gmt":"2020-10-05T08:17:48","slug":"ekua9353-tuntematon-ritila","status":"publish","type":"product","link":"https:\/\/www.radiomarket.fi\/en\/kohde\/ekua9353-tuntematon-ritila\/","title":{"rendered":"EKUA9353 Tuntematon Ritil\u00e4"},"content":{"rendered":"Tummanruskeita, yksi ritil\u00e4 hieman v\u00e4\u00e4ntynyt, yksi maalattu kullanv\u00e4riseksi ja sis\u00e4lt\u00e4\u00e4 kankaan","protected":false},"excerpt":{"rendered":"<p>Tummanruskeita, yksi ritil\u00e4 hieman v\u00e4\u00e4ntynyt, yksi maalattu kullanv\u00e4riseksi ja sis\u00e4lt\u00e4\u00e4 kankaan<\/p>","protected":false},"featured_media":11292,"template":"","meta":[],"_links":{"self":[{"href":"https:\/\/www.radiomarket.fi\/en\/wp-json\/wp\/v2\/product\/21173"}],"collection":[{"href":"https:\/\/www.radiomarket.fi\/en\/wp-json\/wp\/v2\/product"}],"about":[{"href":"https:\/\/www.radiomarket.fi\/en\/wp-json\/wp\/v2\/types\/product"}],"wp:featuredmedia":[{"embeddable":true,"href":"https:\/\/www.radiomarket.fi\/en\/wp-json\/wp\/v2\/media\/11292"}],"wp:attachment":[{"href":"https:\/\/www.radiomarket.fi\/en\/wp-json\/wp\/v2\/media?parent=21173"}],"curies":[{"name":"wp","href":"https:\/\/api.w.org\/{rel}","templated":true}]}}