{"id":21177,"date":"2020-10-05T11:17:50","date_gmt":"2020-10-05T08:17:50","guid":{"rendered":"https:\/\/www.radiomarket.fi\/tuote\/ekua9349-tuntematon-paristokotelon-kansi\/"},"modified":"2024-06-13T22:48:20","modified_gmt":"2024-06-13T19:48:20","slug":"ekua9349-tuntematon-paristokotelon-kansi","status":"publish","type":"product","link":"https:\/\/www.radiomarket.fi\/en\/kohde\/ekua9349-tuntematon-paristokotelon-kansi\/","title":{"rendered":"EKUA9349 Tuntematon Paristokotelon kansi"},"content":{"rendered":"<p>Musta<\/p>","protected":false},"excerpt":{"rendered":"<p>Kirjetoimitustuotteita kannattaa tilata kerralla useampiakin, yksi lis\u00e4tuote lis\u00e4\u00e4 postikulua vain 10 sentill\u00e4 (tilanne 6\/2024, voi muuttua)<\/p>","protected":false},"featured_media":11288,"template":"","meta":[],"_links":{"self":[{"href":"https:\/\/www.radiomarket.fi\/en\/wp-json\/wp\/v2\/product\/21177"}],"collection":[{"href":"https:\/\/www.radiomarket.fi\/en\/wp-json\/wp\/v2\/product"}],"about":[{"href":"https:\/\/www.radiomarket.fi\/en\/wp-json\/wp\/v2\/types\/product"}],"wp:featuredmedia":[{"embeddable":true,"href":"https:\/\/www.radiomarket.fi\/en\/wp-json\/wp\/v2\/media\/11288"}],"wp:attachment":[{"href":"https:\/\/www.radiomarket.fi\/en\/wp-json\/wp\/v2\/media?parent=21177"}],"curies":[{"name":"wp","href":"https:\/\/api.w.org\/{rel}","templated":true}]}}