{"id":21180,"date":"2020-10-05T11:17:51","date_gmt":"2020-10-05T08:17:51","guid":{"rendered":"https:\/\/www.radiomarket.fi\/tuote\/ekua9346-luxor-ritila\/"},"modified":"2024-06-13T22:44:14","modified_gmt":"2024-06-13T19:44:14","slug":"ekua9346-luxor-ritila","status":"publish","type":"product","link":"https:\/\/www.radiomarket.fi\/en\/kohde\/ekua9346-luxor-ritila\/","title":{"rendered":"EKUA9346 Luxor Ritil\u00e4"},"content":{"rendered":"<p>Tummanruskea ritil\u00e4. Vaikuttaa Luxorilta.<\/p>","protected":false},"excerpt":{"rendered":"<p>Kirjetoimitustuotteita kannattaa tilata kerralla useampiakin, yksi lis\u00e4tuote lis\u00e4\u00e4 postikulua vain 10 sentill\u00e4 (tilanne 6\/2024, voi muuttua)<\/p>","protected":false},"featured_media":11285,"template":"","meta":[],"_links":{"self":[{"href":"https:\/\/www.radiomarket.fi\/en\/wp-json\/wp\/v2\/product\/21180"}],"collection":[{"href":"https:\/\/www.radiomarket.fi\/en\/wp-json\/wp\/v2\/product"}],"about":[{"href":"https:\/\/www.radiomarket.fi\/en\/wp-json\/wp\/v2\/types\/product"}],"wp:featuredmedia":[{"embeddable":true,"href":"https:\/\/www.radiomarket.fi\/en\/wp-json\/wp\/v2\/media\/11285"}],"wp:attachment":[{"href":"https:\/\/www.radiomarket.fi\/en\/wp-json\/wp\/v2\/media?parent=21180"}],"curies":[{"name":"wp","href":"https:\/\/api.w.org\/{rel}","templated":true}]}}