{"id":21181,"date":"2024-06-14T10:55:51","date_gmt":"2024-06-14T07:55:51","guid":{"rendered":"https:\/\/www.radiomarket.fi\/tuote\/ekua9345-philips-ritila\/"},"modified":"2024-06-13T22:45:50","modified_gmt":"2024-06-13T19:45:50","slug":"ekua9345-philips-ritila","status":"publish","type":"product","link":"https:\/\/www.radiomarket.fi\/en\/kohde\/ekua9345-philips-ritila\/","title":{"rendered":"EKUA9345 Philips Ritil\u00e4"},"content":{"rendered":"<p>Tummanruskea ritil\u00e4 luultavasti televisiosta, kangas tallella. Vaikuttaa Philipsilt\u00e4.<\/p>","protected":false},"excerpt":{"rendered":"<p>Kirjetoimitustuotteita kannattaa tilata kerralla useampiakin, yksi lis\u00e4tuote lis\u00e4\u00e4 postikulua vain 10 sentill\u00e4 (tilanne 4\/2024, voi muuttua)<\/p>","protected":false},"featured_media":11284,"template":"","meta":[],"_links":{"self":[{"href":"https:\/\/www.radiomarket.fi\/en\/wp-json\/wp\/v2\/product\/21181"}],"collection":[{"href":"https:\/\/www.radiomarket.fi\/en\/wp-json\/wp\/v2\/product"}],"about":[{"href":"https:\/\/www.radiomarket.fi\/en\/wp-json\/wp\/v2\/types\/product"}],"wp:featuredmedia":[{"embeddable":true,"href":"https:\/\/www.radiomarket.fi\/en\/wp-json\/wp\/v2\/media\/11284"}],"wp:attachment":[{"href":"https:\/\/www.radiomarket.fi\/en\/wp-json\/wp\/v2\/media?parent=21181"}],"curies":[{"name":"wp","href":"https:\/\/api.w.org\/{rel}","templated":true}]}}