{"id":21184,"date":"2024-10-09T11:17:53","date_gmt":"2024-10-09T08:17:53","guid":{"rendered":"https:\/\/www.radiomarket.fi\/tuote\/ekua9342-helvar-ritila\/"},"modified":"2024-10-09T16:20:22","modified_gmt":"2024-10-09T13:20:22","slug":"ekua9342-helvar-ritila","status":"publish","type":"product","link":"https:\/\/www.radiomarket.fi\/en\/kohde\/ekua9342-helvar-ritila\/","title":{"rendered":"EKUA9342 Helvar p\u00e4\u00e4tykaiuttimen ritil\u00e4 (EKUM)"},"content":{"rendered":"<p>Putkiradion valkoinen, muovinen ritil\u00e4, ei kangasta. Viimeinen kappale lohjennut ruuvin rei\u00e4n ymp\u00e4rilt\u00e4.<br \/><br \/>N\u00e4it\u00e4 ja muitakin ritil\u00f6it\u00e4 on saatavilla purkuosana, katso osiosta putkiradiot ja tilaa purettavan radiomme tuotenumerolla!<\/p>","protected":false},"excerpt":{"rendered":"<p>Kirjetoimitusluokan tuotteita samaan tilaukseen yhdistett\u00e4ess\u00e4 lis\u00e4tuotteet nostavat perustoimituskulua vain joitakin kymmeni\u00e4 senttej\u00e4 (vuoden 2024 postin hinnoittelun mukaan).<\/p>","protected":false},"featured_media":11280,"template":"","meta":[],"_links":{"self":[{"href":"https:\/\/www.radiomarket.fi\/en\/wp-json\/wp\/v2\/product\/21184"}],"collection":[{"href":"https:\/\/www.radiomarket.fi\/en\/wp-json\/wp\/v2\/product"}],"about":[{"href":"https:\/\/www.radiomarket.fi\/en\/wp-json\/wp\/v2\/types\/product"}],"wp:featuredmedia":[{"embeddable":true,"href":"https:\/\/www.radiomarket.fi\/en\/wp-json\/wp\/v2\/media\/11280"}],"wp:attachment":[{"href":"https:\/\/www.radiomarket.fi\/en\/wp-json\/wp\/v2\/media?parent=21184"}],"curies":[{"name":"wp","href":"https:\/\/api.w.org\/{rel}","templated":true}]}}