{"id":21186,"date":"2020-10-05T11:17:53","date_gmt":"2020-10-05T08:17:53","guid":{"rendered":"https:\/\/www.radiomarket.fi\/tuote\/ekua9336-fenno-fenno-seura-f-244-v\/"},"modified":"2024-03-26T19:23:48","modified_gmt":"2024-03-26T17:23:48","slug":"ekua9336-fenno-fenno-seura-f-244-v","status":"publish","type":"product","link":"https:\/\/www.radiomarket.fi\/en\/kohde\/ekua9336-fenno-fenno-seura-f-244-v\/","title":{"rendered":"EKUA9336 Fenno Seura F 244 V puretaan (EKUM)"},"content":{"rendered":"<p>Puukuorinen putkiradio, jossa etupaneelin alaosassa s\u00e4\u00e4dinnupit, painikkeet ja asteikkolasi.\u00a0<br \/><br \/>Koneisto vaikuttaa hyvin pitk\u00e4lti olevan sama kuin Philips BSF452 \/ BSF552 \/ BSF652. Vastaavalla koneistolla on valmistettu ainakin seuraavia radioita: Philips BSF433A, Philips BSF 452 A, Philips BSF 543 A, Philips BSF 552 A, Philips BSF 652 A, Fenno-seura F 244 V, Fenno-Seura F 255 V, Fenno-Seura F 264 V, Fenno-valtti F 245 V.<br \/><br \/>J\u00e4ljell\u00e4 huono kotelo, painonapit, rikkin\u00e4inen asteikkolasi, osin purettu koneisto, kotelon sis\u00e4ll\u00e4 oleva antenni.<br \/><br \/><strong>Ainakin seuraavat osat purettu tai rikki:<\/strong><br \/><br \/>Asteikkolasi vasemmasta reunasta rikki. <br \/>Takalevy, pohjalevy, kaiutin ja etupaneeli\/kangas puuttuvat. <br \/>Puukuori pahoin rapistunut, samaten osa metalliosista. <br \/>Putket poistettu.<br \/>P\u00e4\u00e4temuuntaja purettu koneistosta.<br \/>Ei nuppeja (t\u00e4h\u00e4n sopivia nuppeja tuotenumerolla EKUA9499, EKUM0228 tai EKUM0245.<br \/>Verkkomuuntaja poistettu varaosaksi.<br \/><br \/>Hinta arvioitu purettavien osien yhteishinta.<\/p>","protected":false},"excerpt":{"rendered":"<p>Puukuorinen putkiradio, jossa etupaneelin alaosassa s\u00e4\u00e4dinnupit, painikkeet ja asteikkolasi.\u00a0Koneisto vaikuttaa hyvin pitk\u00e4lti olevan sama kuin Philips BSF452 \/ BSF552 \/ BSF652. Vastaavalla koneistolla on valmistettu ainakin seuraavia radioita: Philips BSF433A, Philips BSF 452 A, Philips BSF 543 A, Philips BSF 552 A, Philips BSF 652 A, Fenno-seura F 244 V, Fenno-Seura F 255 V, Fenno-Seura &hellip;<\/p>\n<p class=\"read-more\"> <a class=\"thunk-readmore button\" href=\"https:\/\/www.radiomarket.fi\/en\/kohde\/ekua9336-fenno-fenno-seura-f-244-v\/\"> <span class=\"screen-reader-text\">EKUA9336 Fenno Seura F 244 V puretaan (EKUM)<\/span>Read More<\/a><\/p>","protected":false},"featured_media":11276,"template":"","meta":[],"_links":{"self":[{"href":"https:\/\/www.radiomarket.fi\/en\/wp-json\/wp\/v2\/product\/21186"}],"collection":[{"href":"https:\/\/www.radiomarket.fi\/en\/wp-json\/wp\/v2\/product"}],"about":[{"href":"https:\/\/www.radiomarket.fi\/en\/wp-json\/wp\/v2\/types\/product"}],"wp:featuredmedia":[{"embeddable":true,"href":"https:\/\/www.radiomarket.fi\/en\/wp-json\/wp\/v2\/media\/11276"}],"wp:attachment":[{"href":"https:\/\/www.radiomarket.fi\/en\/wp-json\/wp\/v2\/media?parent=21186"}],"curies":[{"name":"wp","href":"https:\/\/api.w.org\/{rel}","templated":true}]}}