{"id":21188,"date":"2020-10-05T11:17:54","date_gmt":"2020-10-05T08:17:54","guid":{"rendered":"https:\/\/www.radiomarket.fi\/tuote\/ekua9333-tuntematon-laukku\/"},"modified":"2024-06-09T18:24:27","modified_gmt":"2024-06-09T15:24:27","slug":"ekua9333-kaasunaamarilaukku","status":"publish","type":"product","link":"https:\/\/www.radiomarket.fi\/en\/kohde\/ekua9333-kaasunaamarilaukku\/","title":{"rendered":"EKUA9333 kaasunaamarilaukku SA tarvikkeineen (EKUB)"},"content":{"rendered":"<p>Vihre\u00e4 laukku, Suomen Armeijan kaasunaamarikassi. Olka- ja lantiohihna tallessa. Mukana alkuper\u00e4iset varusteet, kaasunaamari puuttuu.<\/p><p>K\u00e4ytetty radiomuseolla tarvikelaukkuna, sis\u00e4ll\u00e4 kynist\u00e4 ym. j\u00e4\u00e4neit\u00e4 j\u00e4lki\u00e4, ulkoa uuden veroinen. Vain puisteltu viime k\u00e4yt\u00f6n j\u00e4lkeen.<\/p>","protected":false},"excerpt":{"rendered":"<p>Vihre\u00e4 laukku, Suomen Armeijan kaasunaamarikassi. Olka- ja lantiohihna tallessa. Mukana alkuper\u00e4iset varusteet, kaasunaamari puuttuu.K\u00e4ytetty radiomuseolla tarvikelaukkuna, sis\u00e4ll\u00e4 kynist\u00e4 ym. j\u00e4\u00e4neit\u00e4 j\u00e4lki\u00e4, ulkoa uuden veroinen. Vain puisteltu viime k\u00e4yt\u00f6n j\u00e4lkeen.<\/p>","protected":false},"featured_media":35592,"template":"","meta":[],"_links":{"self":[{"href":"https:\/\/www.radiomarket.fi\/en\/wp-json\/wp\/v2\/product\/21188"}],"collection":[{"href":"https:\/\/www.radiomarket.fi\/en\/wp-json\/wp\/v2\/product"}],"about":[{"href":"https:\/\/www.radiomarket.fi\/en\/wp-json\/wp\/v2\/types\/product"}],"wp:featuredmedia":[{"embeddable":true,"href":"https:\/\/www.radiomarket.fi\/en\/wp-json\/wp\/v2\/media\/35592"}],"wp:attachment":[{"href":"https:\/\/www.radiomarket.fi\/en\/wp-json\/wp\/v2\/media?parent=21188"}],"curies":[{"name":"wp","href":"https:\/\/api.w.org\/{rel}","templated":true}]}}