{"id":21192,"date":"2020-10-05T11:17:55","date_gmt":"2020-10-05T08:17:55","guid":{"rendered":"https:\/\/www.radiomarket.fi\/tuote\/ekua9329-tuntematon-antenni\/"},"modified":"2020-10-05T11:17:55","modified_gmt":"2020-10-05T08:17:55","slug":"ekua9329-tuntematon-antenni","status":"publish","type":"product","link":"https:\/\/www.radiomarket.fi\/en\/kohde\/ekua9329-tuntematon-antenni\/","title":{"rendered":"EKUA9329 Tuntematon Antenni"},"content":{"rendered":"N. 1 metrin pituinen antenni, jonka asento s\u00e4\u00e4dett\u00e4viss\u00e4 kiinnitysosasta. Antenniosa ei ole kokoontaitettava.","protected":false},"excerpt":{"rendered":"<p>N. 1 metrin pituinen antenni, jonka asento s\u00e4\u00e4dett\u00e4viss\u00e4 kiinnitysosasta. Antenniosa ei ole kokoontaitettava.<\/p>","protected":false},"featured_media":11267,"template":"","meta":[],"_links":{"self":[{"href":"https:\/\/www.radiomarket.fi\/en\/wp-json\/wp\/v2\/product\/21192"}],"collection":[{"href":"https:\/\/www.radiomarket.fi\/en\/wp-json\/wp\/v2\/product"}],"about":[{"href":"https:\/\/www.radiomarket.fi\/en\/wp-json\/wp\/v2\/types\/product"}],"wp:featuredmedia":[{"embeddable":true,"href":"https:\/\/www.radiomarket.fi\/en\/wp-json\/wp\/v2\/media\/11267"}],"wp:attachment":[{"href":"https:\/\/www.radiomarket.fi\/en\/wp-json\/wp\/v2\/media?parent=21192"}],"curies":[{"name":"wp","href":"https:\/\/api.w.org\/{rel}","templated":true}]}}