{"id":21193,"date":"2020-10-05T11:17:56","date_gmt":"2020-10-05T08:17:56","guid":{"rendered":"https:\/\/www.radiomarket.fi\/tuote\/ekua9328-tuntematon-aluevalitsin\/"},"modified":"2021-03-02T21:14:48","modified_gmt":"2021-03-02T19:14:48","slug":"ekua9328-tuntematon-aluevalitsin","status":"publish","type":"product","link":"https:\/\/www.radiomarket.fi\/en\/kohde\/ekua9328-tuntematon-aluevalitsin\/","title":{"rendered":"EKUA9328 Nordmende Othello putkiradion \u00e4\u00e4nens\u00e4vyns\u00e4\u00e4din"},"content":{"rendered":"<p>Nordmende Othellon \u00e4\u00e4nens\u00e4vyns\u00e4\u00e4timen yksikk\u00f6\u00a0<\/p>","protected":false},"excerpt":{"rendered":"<p>Nordmende Othellon \u00e4\u00e4nens\u00e4vyns\u00e4\u00e4timen yksikk\u00f6\u00a0<\/p>","protected":false},"featured_media":11266,"template":"","meta":[],"_links":{"self":[{"href":"https:\/\/www.radiomarket.fi\/en\/wp-json\/wp\/v2\/product\/21193"}],"collection":[{"href":"https:\/\/www.radiomarket.fi\/en\/wp-json\/wp\/v2\/product"}],"about":[{"href":"https:\/\/www.radiomarket.fi\/en\/wp-json\/wp\/v2\/types\/product"}],"wp:featuredmedia":[{"embeddable":true,"href":"https:\/\/www.radiomarket.fi\/en\/wp-json\/wp\/v2\/media\/11266"}],"wp:attachment":[{"href":"https:\/\/www.radiomarket.fi\/en\/wp-json\/wp\/v2\/media?parent=21193"}],"curies":[{"name":"wp","href":"https:\/\/api.w.org\/{rel}","templated":true}]}}