{"id":21194,"date":"2020-10-05T11:17:56","date_gmt":"2020-10-05T08:17:56","guid":{"rendered":"https:\/\/www.radiomarket.fi\/tuote\/ekua9327-tuntematon-mittarin-kehys\/"},"modified":"2024-06-13T22:18:07","modified_gmt":"2024-06-13T19:18:07","slug":"ekua9327-tuntematon-mittarin-kehys","status":"publish","type":"product","link":"https:\/\/www.radiomarket.fi\/en\/kohde\/ekua9327-tuntematon-mittarin-kehys\/","title":{"rendered":"EKUA9327 Tuntematon Mittarin kehys"},"content":{"rendered":"<p>Py\u00f6reit\u00e4 muovisia, tummanv\u00e4risi\u00e4 kehyksi\u00e4. Kahta eri kokoa: halkaisija 7,5 cm ja 6,5 cm. Useita, tiedustele saatavuutta.<\/p>","protected":false},"excerpt":{"rendered":"<p>Kirjetoimitustuotteita kannattaa tilata kerralla useampiakin, yksi lis\u00e4tuote lis\u00e4\u00e4 postikulua vain 10 sentill\u00e4 (tilanne 4\/2024, voi muuttua)<\/p>","protected":false},"featured_media":11265,"template":"","meta":[],"_links":{"self":[{"href":"https:\/\/www.radiomarket.fi\/en\/wp-json\/wp\/v2\/product\/21194"}],"collection":[{"href":"https:\/\/www.radiomarket.fi\/en\/wp-json\/wp\/v2\/product"}],"about":[{"href":"https:\/\/www.radiomarket.fi\/en\/wp-json\/wp\/v2\/types\/product"}],"wp:featuredmedia":[{"embeddable":true,"href":"https:\/\/www.radiomarket.fi\/en\/wp-json\/wp\/v2\/media\/11265"}],"wp:attachment":[{"href":"https:\/\/www.radiomarket.fi\/en\/wp-json\/wp\/v2\/media?parent=21194"}],"curies":[{"name":"wp","href":"https:\/\/api.w.org\/{rel}","templated":true}]}}