{"id":21199,"date":"2020-10-05T11:17:57","date_gmt":"2020-10-05T08:17:57","guid":{"rendered":"https:\/\/www.radiomarket.fi\/tuote\/ekua9322-acer-kaukosaadin\/"},"modified":"2023-06-27T14:24:41","modified_gmt":"2023-06-27T11:24:41","slug":"ekua9322-acer-kaukosaadin","status":"publish","type":"product","link":"https:\/\/www.radiomarket.fi\/en\/kohde\/ekua9322-acer-kaukosaadin\/","title":{"rendered":"EKUA9322 Acer Kaukos\u00e4\u00e4din (EKUM)"},"content":{"rendered":"<p>Musta Acerin kaukos\u00e4\u00e4din, ohenee yl\u00e4p\u00e4\u00e4h\u00e4n ment\u00e4ess\u00e4. Paristokotelo 2x AA<\/p>","protected":false},"excerpt":{"rendered":"<p>Musta Acerin kaukos\u00e4\u00e4din, ohenee yl\u00e4p\u00e4\u00e4h\u00e4n ment\u00e4ess\u00e4. Paristokotelo 2x AA<\/p>","protected":false},"featured_media":11259,"template":"","meta":[],"_links":{"self":[{"href":"https:\/\/www.radiomarket.fi\/en\/wp-json\/wp\/v2\/product\/21199"}],"collection":[{"href":"https:\/\/www.radiomarket.fi\/en\/wp-json\/wp\/v2\/product"}],"about":[{"href":"https:\/\/www.radiomarket.fi\/en\/wp-json\/wp\/v2\/types\/product"}],"wp:featuredmedia":[{"embeddable":true,"href":"https:\/\/www.radiomarket.fi\/en\/wp-json\/wp\/v2\/media\/11259"}],"wp:attachment":[{"href":"https:\/\/www.radiomarket.fi\/en\/wp-json\/wp\/v2\/media?parent=21199"}],"curies":[{"name":"wp","href":"https:\/\/api.w.org\/{rel}","templated":true}]}}