{"id":21204,"date":"2020-10-05T11:17:59","date_gmt":"2020-10-05T08:17:59","guid":{"rendered":"https:\/\/www.radiomarket.fi\/tuote\/ekua9315-osram-halo-star-64435\/"},"modified":"2020-10-05T11:17:59","modified_gmt":"2020-10-05T08:17:59","slug":"ekua9315-osram-halo-star-64435","status":"publish","type":"product","link":"https:\/\/www.radiomarket.fi\/en\/kohde\/ekua9315-osram-halo-star-64435\/","title":{"rendered":"EKUA9315 Osram Halo Star 64435"},"content":{"rendered":"Halogeenilamppu. K\u00e4ytt\u00e4m\u00e4t\u00f6n.","protected":false},"excerpt":{"rendered":"<p>Halogeenilamppu. K\u00e4ytt\u00e4m\u00e4t\u00f6n.<\/p>","protected":false},"featured_media":11250,"template":"","meta":[],"_links":{"self":[{"href":"https:\/\/www.radiomarket.fi\/en\/wp-json\/wp\/v2\/product\/21204"}],"collection":[{"href":"https:\/\/www.radiomarket.fi\/en\/wp-json\/wp\/v2\/product"}],"about":[{"href":"https:\/\/www.radiomarket.fi\/en\/wp-json\/wp\/v2\/types\/product"}],"wp:featuredmedia":[{"embeddable":true,"href":"https:\/\/www.radiomarket.fi\/en\/wp-json\/wp\/v2\/media\/11250"}],"wp:attachment":[{"href":"https:\/\/www.radiomarket.fi\/en\/wp-json\/wp\/v2\/media?parent=21204"}],"curies":[{"name":"wp","href":"https:\/\/api.w.org\/{rel}","templated":true}]}}