{"id":21213,"date":"2020-10-05T11:18:04","date_gmt":"2020-10-05T08:18:04","guid":{"rendered":"https:\/\/www.radiomarket.fi\/tuote\/ekua9305-philips-mikrofoni\/"},"modified":"2021-09-05T22:22:50","modified_gmt":"2021-09-05T19:22:50","slug":"ekua9305-philips-mikrofoni","status":"publish","type":"product","link":"https:\/\/www.radiomarket.fi\/en\/kohde\/ekua9305-philips-mikrofoni\/","title":{"rendered":"EKUA9305 Philips Mikrofoni"},"content":{"rendered":"Musta v\u00e4rilt\u00e4\u00e4n. Vaikuttaa Philips-merkkiselt\u00e4.","protected":false},"excerpt":{"rendered":"<p>Musta v\u00e4rilt\u00e4\u00e4n. Vaikuttaa Philips-merkkiselt\u00e4.<\/p>","protected":false},"featured_media":11240,"template":"","meta":[],"_links":{"self":[{"href":"https:\/\/www.radiomarket.fi\/en\/wp-json\/wp\/v2\/product\/21213"}],"collection":[{"href":"https:\/\/www.radiomarket.fi\/en\/wp-json\/wp\/v2\/product"}],"about":[{"href":"https:\/\/www.radiomarket.fi\/en\/wp-json\/wp\/v2\/types\/product"}],"wp:featuredmedia":[{"embeddable":true,"href":"https:\/\/www.radiomarket.fi\/en\/wp-json\/wp\/v2\/media\/11240"}],"wp:attachment":[{"href":"https:\/\/www.radiomarket.fi\/en\/wp-json\/wp\/v2\/media?parent=21213"}],"curies":[{"name":"wp","href":"https:\/\/api.w.org\/{rel}","templated":true}]}}