{"id":21214,"date":"2024-06-14T14:18:04","date_gmt":"2024-06-14T11:18:04","guid":{"rendered":"https:\/\/www.radiomarket.fi\/tuote\/ekua9304-tuntematon-liitosjohto\/"},"modified":"2024-06-13T23:01:21","modified_gmt":"2024-06-13T20:01:21","slug":"ekua9304-tuntematon-liitosjohto","status":"publish","type":"product","link":"https:\/\/www.radiomarket.fi\/en\/kohde\/ekua9304-tuntematon-liitosjohto\/","title":{"rendered":"EKUA9304 Audioliitosjohto 6,3 mm monopistokkeilla (EKUM)"},"content":{"rendered":"<p>6,3 mm plugit, 1\/4&#8243; plugit.<\/p>","protected":false},"excerpt":{"rendered":"<p>Kirjetoimitustuotteita kannattaa tilata kerralla useampiakin, yksi lis\u00e4tuote lis\u00e4\u00e4 postikulua vain 10 sentill\u00e4 (tilanne 6\/2024, voi muuttua)<\/p>","protected":false},"featured_media":11239,"template":"","meta":[],"_links":{"self":[{"href":"https:\/\/www.radiomarket.fi\/en\/wp-json\/wp\/v2\/product\/21214"}],"collection":[{"href":"https:\/\/www.radiomarket.fi\/en\/wp-json\/wp\/v2\/product"}],"about":[{"href":"https:\/\/www.radiomarket.fi\/en\/wp-json\/wp\/v2\/types\/product"}],"wp:featuredmedia":[{"embeddable":true,"href":"https:\/\/www.radiomarket.fi\/en\/wp-json\/wp\/v2\/media\/11239"}],"wp:attachment":[{"href":"https:\/\/www.radiomarket.fi\/en\/wp-json\/wp\/v2\/media?parent=21214"}],"curies":[{"name":"wp","href":"https:\/\/api.w.org\/{rel}","templated":true}]}}